{"id":67041,"date":"2024-01-26T14:31:53","date_gmt":"2024-01-26T13:31:53","guid":{"rendered":"https:\/\/internationalweddinginstitute.com\/formation\/?page_id=67041"},"modified":"2024-01-26T14:39:22","modified_gmt":"2024-01-26T13:39:22","slug":"wedskills-club","status":"publish","type":"page","link":"https:\/\/internationalweddinginstitute.com\/formation\/wedskills-club\/","title":{"rendered":"WedSKILLS\u00ae Club"},"content":{"rendered":"\t\t<div data-elementor-type=\"wp-page\" data-elementor-id=\"67041\" class=\"elementor elementor-67041\" data-elementor-post-type=\"page\">\n\t\t\t\t\t\t<section class=\"elementor-section elementor-top-section elementor-element elementor-element-34faf99 elementor-section-height-full elementor-section-items-top elementor-section-boxed elementor-section-height-default\" data-id=\"34faf99\" data-element_type=\"section\" data-settings=\"{&quot;background_background&quot;:&quot;classic&quot;}\">\n\t\t\t\t\t\t<div class=\"elementor-container elementor-column-gap-default\">\n\t\t\t\t\t<div class=\"elementor-column elementor-col-100 elementor-top-column elementor-element elementor-element-b21b20c\" data-id=\"b21b20c\" data-element_type=\"column\">\n\t\t\t<div class=\"elementor-widget-wrap elementor-element-populated\">\n\t\t\t\t\t\t<div class=\"elementor-element elementor-element-2d78670 elementor-widget elementor-widget-spacer\" data-id=\"2d78670\" data-element_type=\"widget\" data-widget_type=\"spacer.default\">\n\t\t\t\t<div class=\"elementor-widget-container\">\n\t\t\t\t\t<div class=\"elementor-spacer\">\n\t\t\t<div class=\"elementor-spacer-inner\"><\/div>\n\t\t<\/div>\n\t\t\t\t<\/div>\n\t\t\t\t<\/div>\n\t\t<!-- dce invisible element e9346c3 -->\t\t<div class=\"elementor-element elementor-element-21c152c elementor-widget elementor-widget-image\" data-id=\"21c152c\" data-element_type=\"widget\" data-widget_type=\"image.default\">\n\t\t\t\t<div class=\"elementor-widget-container\">\n\t\t\t\t\t\t\t\t\t\t\t\t\t\t<a href=\"https:\/\/www.facebook.com\/groups\/694898339422751\" target=\"_blank\">\n\t\t\t\t\t\t\t<img fetchpriority=\"high\" decoding=\"async\" width=\"1024\" height=\"534\" src=\"https:\/\/internationalweddinginstitute.com\/formation\/wp-content\/uploads\/sites\/12\/2024\/01\/wedskillsclub-1024x534.jpg\" class=\"attachment-large size-large wp-image-67036\" alt=\"\" srcset=\"https:\/\/internationalweddinginstitute.com\/formation\/wp-content\/uploads\/sites\/12\/2024\/01\/wedskillsclub-1024x534.jpg 1024w, https:\/\/internationalweddinginstitute.com\/formation\/wp-content\/uploads\/sites\/12\/2024\/01\/wedskillsclub-300x157.jpg 300w, https:\/\/internationalweddinginstitute.com\/formation\/wp-content\/uploads\/sites\/12\/2024\/01\/wedskillsclub-768x401.jpg 768w, https:\/\/internationalweddinginstitute.com\/formation\/wp-content\/uploads\/sites\/12\/2024\/01\/wedskillsclub-1536x802.jpg 1536w, https:\/\/internationalweddinginstitute.com\/formation\/wp-content\/uploads\/sites\/12\/2024\/01\/wedskillsclub-50x26.jpg 50w, https:\/\/internationalweddinginstitute.com\/formation\/wp-content\/uploads\/sites\/12\/2024\/01\/wedskillsclub-100x52.jpg 100w, https:\/\/internationalweddinginstitute.com\/formation\/wp-content\/uploads\/sites\/12\/2024\/01\/wedskillsclub-600x313.jpg 600w, https:\/\/internationalweddinginstitute.com\/formation\/wp-content\/uploads\/sites\/12\/2024\/01\/wedskillsclub.jpg 1640w\" sizes=\"(max-width: 1024px) 100vw, 1024px\" \/>\t\t\t\t\t\t\t\t<\/a>\n\t\t\t\t\t\t\t\t\t\t\t\t\t<\/div>\n\t\t\t\t<\/div>\n\t\t\t\t<div class=\"dce-visibility-event elementor-element elementor-element-b9e579f elementor-widget elementor-widget-heading\" data-id=\"b9e579f\" data-element_type=\"widget\" data-settings=\"{&quot;enabled_visibility&quot;:&quot;yes&quot;,&quot;dce_visibility_selected&quot;:&quot;yes&quot;}\" data-widget_type=\"heading.default\">\n\t\t\t\t<div class=\"elementor-widget-container\">\n\t\t\t<h2 class=\"elementor-heading-title elementor-size-default\">Rejoignez la communaut\u00e9 d\u00e8s le premier mois d'abonnement ! <\/h2>\t\t<\/div>\n\t\t\t\t<\/div>\n\t\t\t\t<div class=\"dce-visibility-event elementor-element elementor-element-cd85a3c elementor-align-center elementor-widget elementor-widget-button\" data-id=\"cd85a3c\" data-element_type=\"widget\" data-settings=\"{&quot;enabled_visibility&quot;:&quot;yes&quot;,&quot;dce_visibility_selected&quot;:&quot;yes&quot;}\" data-widget_type=\"button.default\">\n\t\t\t\t<div class=\"elementor-widget-container\">\n\t\t\t\t\t<div class=\"elementor-button-wrapper\">\n\t\t\t<a class=\"elementor-button elementor-button-link elementor-size-sm\" href=\"https:\/\/internationalweddinginstitute.com\/formation\/wedskills-abonnement\/\">\n\t\t\t\t\t\t<span class=\"elementor-button-content-wrapper\">\n\t\t\t\t\t\t\t\t\t<span class=\"elementor-button-text\">D\u00e9couvrir<\/span>\n\t\t\t\t\t<\/span>\n\t\t\t\t\t<\/a>\n\t\t<\/div>\n\t\t\t\t<\/div>\n\t\t\t\t<\/div>\n\t\t\t\t\t<\/div>\n\t\t<\/div>\n\t\t\t\t\t<\/div>\n\t\t<\/section>\n\t\t\t\t<\/div>\n\t\t","protected":false},"excerpt":{"rendered":"<p>Rejoindre le groupe sur facebook Rejoignez la communaut\u00e9 d\u00e8s le premier mois d&#8217;abonnement ! D\u00e9couvrir<\/p>\n","protected":false},"author":9,"featured_media":0,"parent":0,"menu_order":0,"comment_status":"closed","ping_status":"closed","template":"","meta":{"_bbp_topic_count":0,"_bbp_reply_count":0,"_bbp_total_topic_count":0,"_bbp_total_reply_count":0,"_bbp_voice_count":0,"_bbp_anonymous_reply_count":0,"_bbp_topic_count_hidden":0,"_bbp_reply_count_hidden":0,"_bbp_forum_subforum_count":0,"site-sidebar-layout":"no-sidebar","site-content-layout":"page-builder","ast-site-content-layout":"full-width-container","site-content-style":"default","site-sidebar-style":"default","ast-global-header-display":"","ast-banner-title-visibility":"","ast-main-header-display":"","ast-hfb-above-header-display":"","ast-hfb-below-header-display":"","ast-hfb-mobile-header-display":"","site-post-title":"disabled","ast-breadcrumbs-content":"","ast-featured-img":"disabled","footer-sml-layout":"","theme-transparent-header-meta":"","adv-header-id-meta":"","stick-header-meta":"","header-above-stick-meta":"","header-main-stick-meta":"","header-below-stick-meta":"","astra-migrate-meta-layouts":"set","ast-page-background-enabled":"default","ast-page-background-meta":{"desktop":{"background-color":"","background-image":"","background-repeat":"repeat","background-position":"center center","background-size":"auto","background-attachment":"scroll","background-type":"","background-media":"","overlay-type":"","overlay-color":"","overlay-opacity":"","overlay-gradient":""},"tablet":{"background-color":"","background-image":"","background-repeat":"repeat","background-position":"center center","background-size":"auto","background-attachment":"scroll","background-type":"","background-media":"","overlay-type":"","overlay-color":"","overlay-opacity":"","overlay-gradient":""},"mobile":{"background-color":"","background-image":"","background-repeat":"repeat","background-position":"center center","background-size":"auto","background-attachment":"scroll","background-type":"","background-media":"","overlay-type":"","overlay-color":"","overlay-opacity":"","overlay-gradient":""}},"ast-content-background-meta":{"desktop":{"background-color":"var(--ast-global-color-5)","background-image":"","background-repeat":"repeat","background-position":"center center","background-size":"auto","background-attachment":"scroll","background-type":"","background-media":"","overlay-type":"","overlay-color":"","overlay-opacity":"","overlay-gradient":""},"tablet":{"background-color":"var(--ast-global-color-5)","background-image":"","background-repeat":"repeat","background-position":"center center","background-size":"auto","background-attachment":"scroll","background-type":"","background-media":"","overlay-type":"","overlay-color":"","overlay-opacity":"","overlay-gradient":""},"mobile":{"background-color":"var(--ast-global-color-5)","background-image":"","background-repeat":"repeat","background-position":"center center","background-size":"auto","background-attachment":"scroll","background-type":"","background-media":"","overlay-type":"","overlay-color":"","overlay-opacity":"","overlay-gradient":""}},"footnotes":""},"yoast_head":"<!-- This site is optimized with the Yoast SEO Premium plugin v21.7 (Yoast SEO v23.9) - https:\/\/yoast.com\/wordpress\/plugins\/seo\/ -->\n<title>WedSKILLS\u00ae Club - IWI | Programme WedSKILLS<\/title>\n<meta name=\"robots\" content=\"index, follow, max-snippet:-1, max-image-preview:large, max-video-preview:-1\" \/>\n<link rel=\"canonical\" href=\"http:\/\/internationalweddinginstitute.com\/formation\/wedskills-club\/\" \/>\n<meta property=\"og:locale\" content=\"fr_FR\" \/>\n<meta property=\"og:type\" content=\"article\" \/>\n<meta property=\"og:title\" content=\"WedSKILLS\u00ae Club\" \/>\n<meta property=\"og:description\" content=\"Rejoindre le groupe sur facebook Rejoignez la communaut\u00e9 d\u00e8s le premier mois d&#8217;abonnement ! D\u00e9couvrir\" \/>\n<meta property=\"og:url\" content=\"http:\/\/internationalweddinginstitute.com\/formation\/wedskills-club\/\" \/>\n<meta property=\"og:site_name\" content=\"IWI | Programme WedSKILLS\" \/>\n<meta property=\"article:modified_time\" content=\"2024-01-26T13:39:22+00:00\" \/>\n<meta property=\"og:image\" content=\"https:\/\/internationalweddinginstitute.com\/formation\/wp-content\/uploads\/sites\/12\/2024\/01\/wedskillsclub-1024x534.jpg\" \/>\n<meta name=\"twitter:card\" content=\"summary_large_image\" \/>\n<meta name=\"twitter:label1\" content=\"Dur\u00e9e de lecture estim\u00e9e\" \/>\n\t<meta name=\"twitter:data1\" content=\"1 minute\" \/>\n<script type=\"application\/ld+json\" class=\"yoast-schema-graph\">{\"@context\":\"https:\/\/schema.org\",\"@graph\":[{\"@type\":\"WebPage\",\"@id\":\"http:\/\/internationalweddinginstitute.com\/formation\/wedskills-club\/\",\"url\":\"http:\/\/internationalweddinginstitute.com\/formation\/wedskills-club\/\",\"name\":\"WedSKILLS\u00ae Club - IWI | Programme WedSKILLS\",\"isPartOf\":{\"@id\":\"https:\/\/internationalweddinginstitute.com\/formation\/#website\"},\"primaryImageOfPage\":{\"@id\":\"http:\/\/internationalweddinginstitute.com\/formation\/wedskills-club\/#primaryimage\"},\"image\":{\"@id\":\"http:\/\/internationalweddinginstitute.com\/formation\/wedskills-club\/#primaryimage\"},\"thumbnailUrl\":\"https:\/\/internationalweddinginstitute.com\/formation\/wp-content\/uploads\/sites\/12\/2024\/01\/wedskillsclub-1024x534.jpg\",\"datePublished\":\"2024-01-26T13:31:53+00:00\",\"dateModified\":\"2024-01-26T13:39:22+00:00\",\"breadcrumb\":{\"@id\":\"http:\/\/internationalweddinginstitute.com\/formation\/wedskills-club\/#breadcrumb\"},\"inLanguage\":\"fr-FR\",\"potentialAction\":[{\"@type\":\"ReadAction\",\"target\":[\"http:\/\/internationalweddinginstitute.com\/formation\/wedskills-club\/\"]}]},{\"@type\":\"ImageObject\",\"inLanguage\":\"fr-FR\",\"@id\":\"http:\/\/internationalweddinginstitute.com\/formation\/wedskills-club\/#primaryimage\",\"url\":\"https:\/\/internationalweddinginstitute.com\/formation\/wp-content\/uploads\/sites\/12\/2024\/01\/wedskillsclub.jpg\",\"contentUrl\":\"https:\/\/internationalweddinginstitute.com\/formation\/wp-content\/uploads\/sites\/12\/2024\/01\/wedskillsclub.jpg\",\"width\":1640,\"height\":856},{\"@type\":\"BreadcrumbList\",\"@id\":\"http:\/\/internationalweddinginstitute.com\/formation\/wedskills-club\/#breadcrumb\",\"itemListElement\":[{\"@type\":\"ListItem\",\"position\":1,\"name\":\"Accueil\",\"item\":\"https:\/\/internationalweddinginstitute.com\/formation\/\"},{\"@type\":\"ListItem\",\"position\":2,\"name\":\"WedSKILLS\u00ae Club\"}]},{\"@type\":\"WebSite\",\"@id\":\"https:\/\/internationalweddinginstitute.com\/formation\/#website\",\"url\":\"https:\/\/internationalweddinginstitute.com\/formation\/\",\"name\":\"IWI | Programme WedSKILLS\",\"description\":\"\",\"publisher\":{\"@id\":\"https:\/\/internationalweddinginstitute.com\/formation\/#organization\"},\"potentialAction\":[{\"@type\":\"SearchAction\",\"target\":{\"@type\":\"EntryPoint\",\"urlTemplate\":\"https:\/\/internationalweddinginstitute.com\/formation\/?s={search_term_string}\"},\"query-input\":{\"@type\":\"PropertyValueSpecification\",\"valueRequired\":true,\"valueName\":\"search_term_string\"}}],\"inLanguage\":\"fr-FR\"},{\"@type\":\"Organization\",\"@id\":\"https:\/\/internationalweddinginstitute.com\/formation\/#organization\",\"name\":\"WedSKILLS\",\"url\":\"https:\/\/internationalweddinginstitute.com\/formation\/\",\"logo\":{\"@type\":\"ImageObject\",\"inLanguage\":\"fr-FR\",\"@id\":\"https:\/\/internationalweddinginstitute.com\/formation\/#\/schema\/logo\/image\/\",\"url\":\"https:\/\/internationalweddinginstitute.com\/formation\/wp-content\/uploads\/sites\/12\/2021\/05\/logoIWI2022-white.png\",\"contentUrl\":\"https:\/\/internationalweddinginstitute.com\/formation\/wp-content\/uploads\/sites\/12\/2021\/05\/logoIWI2022-white.png\",\"width\":1000,\"height\":1000,\"caption\":\"WedSKILLS\"},\"image\":{\"@id\":\"https:\/\/internationalweddinginstitute.com\/formation\/#\/schema\/logo\/image\/\"}}]}<\/script>\n<!-- \/ Yoast SEO Premium plugin. -->","yoast_head_json":{"title":"WedSKILLS\u00ae Club - IWI | Programme WedSKILLS","robots":{"index":"index","follow":"follow","max-snippet":"max-snippet:-1","max-image-preview":"max-image-preview:large","max-video-preview":"max-video-preview:-1"},"canonical":"http:\/\/internationalweddinginstitute.com\/formation\/wedskills-club\/","og_locale":"fr_FR","og_type":"article","og_title":"WedSKILLS\u00ae Club","og_description":"Rejoindre le groupe sur facebook Rejoignez la communaut\u00e9 d\u00e8s le premier mois d&#8217;abonnement ! D\u00e9couvrir","og_url":"http:\/\/internationalweddinginstitute.com\/formation\/wedskills-club\/","og_site_name":"IWI | Programme WedSKILLS","article_modified_time":"2024-01-26T13:39:22+00:00","og_image":[{"url":"https:\/\/internationalweddinginstitute.com\/formation\/wp-content\/uploads\/sites\/12\/2024\/01\/wedskillsclub-1024x534.jpg"}],"twitter_card":"summary_large_image","twitter_misc":{"Dur\u00e9e de lecture estim\u00e9e":"1 minute"},"schema":{"@context":"https:\/\/schema.org","@graph":[{"@type":"WebPage","@id":"http:\/\/internationalweddinginstitute.com\/formation\/wedskills-club\/","url":"http:\/\/internationalweddinginstitute.com\/formation\/wedskills-club\/","name":"WedSKILLS\u00ae Club - IWI | Programme WedSKILLS","isPartOf":{"@id":"https:\/\/internationalweddinginstitute.com\/formation\/#website"},"primaryImageOfPage":{"@id":"http:\/\/internationalweddinginstitute.com\/formation\/wedskills-club\/#primaryimage"},"image":{"@id":"http:\/\/internationalweddinginstitute.com\/formation\/wedskills-club\/#primaryimage"},"thumbnailUrl":"https:\/\/internationalweddinginstitute.com\/formation\/wp-content\/uploads\/sites\/12\/2024\/01\/wedskillsclub-1024x534.jpg","datePublished":"2024-01-26T13:31:53+00:00","dateModified":"2024-01-26T13:39:22+00:00","breadcrumb":{"@id":"http:\/\/internationalweddinginstitute.com\/formation\/wedskills-club\/#breadcrumb"},"inLanguage":"fr-FR","potentialAction":[{"@type":"ReadAction","target":["http:\/\/internationalweddinginstitute.com\/formation\/wedskills-club\/"]}]},{"@type":"ImageObject","inLanguage":"fr-FR","@id":"http:\/\/internationalweddinginstitute.com\/formation\/wedskills-club\/#primaryimage","url":"https:\/\/internationalweddinginstitute.com\/formation\/wp-content\/uploads\/sites\/12\/2024\/01\/wedskillsclub.jpg","contentUrl":"https:\/\/internationalweddinginstitute.com\/formation\/wp-content\/uploads\/sites\/12\/2024\/01\/wedskillsclub.jpg","width":1640,"height":856},{"@type":"BreadcrumbList","@id":"http:\/\/internationalweddinginstitute.com\/formation\/wedskills-club\/#breadcrumb","itemListElement":[{"@type":"ListItem","position":1,"name":"Accueil","item":"https:\/\/internationalweddinginstitute.com\/formation\/"},{"@type":"ListItem","position":2,"name":"WedSKILLS\u00ae Club"}]},{"@type":"WebSite","@id":"https:\/\/internationalweddinginstitute.com\/formation\/#website","url":"https:\/\/internationalweddinginstitute.com\/formation\/","name":"IWI | Programme WedSKILLS","description":"","publisher":{"@id":"https:\/\/internationalweddinginstitute.com\/formation\/#organization"},"potentialAction":[{"@type":"SearchAction","target":{"@type":"EntryPoint","urlTemplate":"https:\/\/internationalweddinginstitute.com\/formation\/?s={search_term_string}"},"query-input":{"@type":"PropertyValueSpecification","valueRequired":true,"valueName":"search_term_string"}}],"inLanguage":"fr-FR"},{"@type":"Organization","@id":"https:\/\/internationalweddinginstitute.com\/formation\/#organization","name":"WedSKILLS","url":"https:\/\/internationalweddinginstitute.com\/formation\/","logo":{"@type":"ImageObject","inLanguage":"fr-FR","@id":"https:\/\/internationalweddinginstitute.com\/formation\/#\/schema\/logo\/image\/","url":"https:\/\/internationalweddinginstitute.com\/formation\/wp-content\/uploads\/sites\/12\/2021\/05\/logoIWI2022-white.png","contentUrl":"https:\/\/internationalweddinginstitute.com\/formation\/wp-content\/uploads\/sites\/12\/2021\/05\/logoIWI2022-white.png","width":1000,"height":1000,"caption":"WedSKILLS"},"image":{"@id":"https:\/\/internationalweddinginstitute.com\/formation\/#\/schema\/logo\/image\/"}}]}},"_links":{"self":[{"href":"https:\/\/internationalweddinginstitute.com\/formation\/wp-json\/wp\/v2\/pages\/67041"}],"collection":[{"href":"https:\/\/internationalweddinginstitute.com\/formation\/wp-json\/wp\/v2\/pages"}],"about":[{"href":"https:\/\/internationalweddinginstitute.com\/formation\/wp-json\/wp\/v2\/types\/page"}],"author":[{"embeddable":true,"href":"https:\/\/internationalweddinginstitute.com\/formation\/wp-json\/wp\/v2\/users\/9"}],"replies":[{"embeddable":true,"href":"https:\/\/internationalweddinginstitute.com\/formation\/wp-json\/wp\/v2\/comments?post=67041"}],"version-history":[{"count":22,"href":"https:\/\/internationalweddinginstitute.com\/formation\/wp-json\/wp\/v2\/pages\/67041\/revisions"}],"predecessor-version":[{"id":67065,"href":"https:\/\/internationalweddinginstitute.com\/formation\/wp-json\/wp\/v2\/pages\/67041\/revisions\/67065"}],"wp:attachment":[{"href":"https:\/\/internationalweddinginstitute.com\/formation\/wp-json\/wp\/v2\/media?parent=67041"}],"curies":[{"name":"wp","href":"https:\/\/api.w.org\/{rel}","templated":true}]}}