{"id":60519,"date":"2023-11-24T12:03:38","date_gmt":"2023-11-24T11:03:38","guid":{"rendered":"https:\/\/internationalweddinginstitute.com\/formation\/?page_id=60519"},"modified":"2023-11-24T12:17:55","modified_gmt":"2023-11-24T11:17:55","slug":"affiliation","status":"publish","type":"page","link":"https:\/\/internationalweddinginstitute.com\/formation\/affiliation\/","title":{"rendered":"Affiliation"},"content":{"rendered":"\t\t<div data-elementor-type=\"wp-page\" data-elementor-id=\"60519\" class=\"elementor elementor-60519\" data-elementor-post-type=\"page\">\n\t\t\t\t\t\t<section class=\"elementor-section elementor-top-section elementor-element elementor-element-9536fee elementor-section-boxed elementor-section-height-default elementor-section-height-default\" data-id=\"9536fee\" data-element_type=\"section\" data-settings=\"{&quot;background_background&quot;:&quot;classic&quot;}\">\n\t\t\t\t\t\t<div class=\"elementor-container elementor-column-gap-default\">\n\t\t\t\t\t<div class=\"elementor-column elementor-col-100 elementor-top-column elementor-element elementor-element-1a7cb81\" data-id=\"1a7cb81\" data-element_type=\"column\">\n\t\t\t<div class=\"elementor-widget-wrap elementor-element-populated\">\n\t\t\t\t\t\t<div class=\"elementor-element elementor-element-7c96485 elementor-widget elementor-widget-heading\" data-id=\"7c96485\" data-element_type=\"widget\" data-widget_type=\"heading.default\">\n\t\t\t\t<div class=\"elementor-widget-container\">\n\t\t\t<h2 class=\"elementor-heading-title elementor-size-default\">Affiliation<\/h2>\t\t<\/div>\n\t\t\t\t<\/div>\n\t\t\t\t<div class=\"elementor-element elementor-element-c16f318 elementor-widget elementor-widget-text-editor\" data-id=\"c16f318\" data-element_type=\"widget\" data-widget_type=\"text-editor.default\">\n\t\t\t\t<div class=\"elementor-widget-container\">\n\t\t\t\t\t\t\t<p><em>&#8220;Dans le cadre de son activite\u0301, l&#8217;IWI, repr\u00e9sent\u00e9 par An@ communication SARL, est susceptible de mettre en \u0153uvre des liens d\u2019affiliation avec des partenaires commerciaux. Conform\u00e9ment aux articles L.111.7 et D.111.7 du Code de la consommation, l&#8217;IWI consacre donc cette page a\u0300 vous informer sur l\u2019existence des liens d\u2019affiliation qu\u2019elle utilise :<\/em><\/p>\t\t\t\t\t\t<\/div>\n\t\t\t\t<\/div>\n\t\t\t\t<div class=\"elementor-element elementor-element-77354e8 elementor-widget elementor-widget-text-editor\" data-id=\"77354e8\" data-element_type=\"widget\" data-widget_type=\"text-editor.default\">\n\t\t\t\t<div class=\"elementor-widget-container\">\n\t\t\t\t\t\t\t<p><em><strong>Qu\u2019est-ce qu\u2019un lien d\u2019affiliation?<br \/><\/strong>C\u2019est un lien hypertexte sur lequel vous pouvez cliquer et qui vous redirige alors vers un site web marchand partenaire de l&#8217;IWI\u00ae.<\/em><\/p><p>\u00a0<\/p><p><em><strong>Quelles sont les modalite\u0301s de re\u0301fe\u0301rencement, de classement et de de\u0301re\u0301fe\u0301rencement des contenus, des biens ou des services affilie\u0301s?<br \/><\/strong>L&#8217;IWI\u00ae ne proce\u0300de a\u0300 aucun classement de ce type dans ses relations d\u2019affiliation.\u00a0\u00a0<\/em><\/p><p>\u00a0<\/p><p><em><strong>Existe-t-il une relation contractuelle entre l\u2019entreprise vers laquelle renvoie le lien et l&#8217;IWI\u00ae ?<\/strong><br \/>Oui, pour que l\u2019entreprise puisse be\u0301ne\u0301ficier de ce renvoi apre\u0300s un \u00ab clic \u00bb sur le lien d\u2019affiliation, elle doit conclure un contrat avec l&#8217;IWI\u00ae.\u00a0<\/em><em><br \/><\/em><\/p><p><em><strong>Existe-t-il un lien capitalistique ou une re\u0301mune\u0301ration au profit de l&#8217;IWI\u00ae quand je clique sur ce lien d\u2019affiliation?<\/strong><br \/>Il n\u2019y a pas de lien capitalistique entre l&#8217;IWI\u00ae et les entreprises be\u0301ne\u0301ficiant de lien d\u2019affiliation. En revanche, quand vous cliquez sur ce lien, l&#8217;IWI\u00ae perc\u0327oit une commission financie\u0300re gra\u0302ce a\u0300 l\u2019identification d\u2019un code d\u2019affiliation inse\u0301re\u0301 dans le lien.\u00a0<\/em><\/p><p>\u00a0<\/p><p><em><strong>Quels sont mes droits vis-\u00e0-vis de l\u2019entreprise vers qui renvoie le lien d\u2019affiliation?<\/strong><br \/>Si vous avez la qualite\u0301 de consommateur (le consommateur est de\u0301fini par l\u2019article pre\u0301liminaire du Code de la consommation comme \u00ab (&#8230;) toute personne physique qui agit a\u0300 des fins qui n&#8217;entrent pas dans le cadre de son activite\u0301 commerciale, industrielle, artisanale ou libe\u0301rale. \u00bb), vous be\u0301ne\u0301ficiez de l\u2019ensemble des droits protecteurs du code de la consommation quand vous vous rendez sur le site web d\u2019une socie\u0301te\u0301 be\u0301ne\u0301ficiant de nos liens d\u2019affiliation. Vous devez notamment e\u0302tre informe\u0301s de la teneur des articles L. 221-5 et L. 221-6 du code de la consommation portant sur l\u2019obligation d\u2019information pre\u0301contractuelle.<\/em><\/p><p><em><strong>Comment puis-je reconnai\u0302tre un lien d\u2019affiliation?<\/strong><br \/>L&#8217;IWI\u00ae vous permet de reconnai\u0302tre aise\u0301ment un lien d\u2019affiliation gra\u0302ce a\u0300 cette ico\u0302ne spe\u0301cifique ci-dessous. <\/em><em>Si vous apercevez cette ico\u0302ne a\u0300 co\u0302te\u0301 du lien a\u0300 cliquer, c\u2019est qu\u2019il s\u2019agit d\u2019un lien d\u2019affiliation.<\/em>\u00a0<\/p>\t\t\t\t\t\t<\/div>\n\t\t\t\t<\/div>\n\t\t\t\t<div class=\"elementor-element elementor-element-8ded7fc elementor-view-default elementor-widget elementor-widget-icon\" data-id=\"8ded7fc\" data-element_type=\"widget\" data-widget_type=\"icon.default\">\n\t\t\t\t<div class=\"elementor-widget-container\">\n\t\t\t\t\t<div class=\"elementor-icon-wrapper\">\n\t\t\t<div class=\"elementor-icon\">\n\t\t\t<i aria-hidden=\"true\" class=\"far fa-handshake\"><\/i>\t\t\t<\/div>\n\t\t<\/div>\n\t\t\t\t<\/div>\n\t\t\t\t<\/div>\n\t\t\t\t<div class=\"elementor-element elementor-element-09f9792 elementor-widget elementor-widget-spacer\" data-id=\"09f9792\" data-element_type=\"widget\" data-widget_type=\"spacer.default\">\n\t\t\t\t<div class=\"elementor-widget-container\">\n\t\t\t\t\t<div class=\"elementor-spacer\">\n\t\t\t<div class=\"elementor-spacer-inner\"><\/div>\n\t\t<\/div>\n\t\t\t\t<\/div>\n\t\t\t\t<\/div>\n\t\t\t\t\t<\/div>\n\t\t<\/div>\n\t\t\t\t\t<\/div>\n\t\t<\/section>\n\t\t\t\t<\/div>\n\t\t","protected":false},"excerpt":{"rendered":"<p>Affiliation &#8220;Dans le cadre de son activite\u0301, l&#8217;IWI, repr\u00e9sent\u00e9 par An@ communication SARL, est susceptible de mettre en \u0153uvre des liens d\u2019affiliation avec des partenaires commerciaux. Conform\u00e9ment aux articles L.111.7 et D.111.7 du Code de la consommation, l&#8217;IWI consacre donc cette page a\u0300 vous informer sur l\u2019existence des liens d\u2019affiliation qu\u2019elle utilise : Qu\u2019est-ce qu\u2019un [&hellip;]<\/p>\n","protected":false},"author":9,"featured_media":0,"parent":0,"menu_order":0,"comment_status":"closed","ping_status":"closed","template":"","meta":{"_bbp_topic_count":0,"_bbp_reply_count":0,"_bbp_total_topic_count":0,"_bbp_total_reply_count":0,"_bbp_voice_count":0,"_bbp_anonymous_reply_count":0,"_bbp_topic_count_hidden":0,"_bbp_reply_count_hidden":0,"_bbp_forum_subforum_count":0,"site-sidebar-layout":"no-sidebar","site-content-layout":"page-builder","ast-site-content-layout":"full-width-container","site-content-style":"default","site-sidebar-style":"default","ast-global-header-display":"","ast-banner-title-visibility":"","ast-main-header-display":"","ast-hfb-above-header-display":"","ast-hfb-below-header-display":"","ast-hfb-mobile-header-display":"","site-post-title":"disabled","ast-breadcrumbs-content":"","ast-featured-img":"disabled","footer-sml-layout":"","theme-transparent-header-meta":"","adv-header-id-meta":"","stick-header-meta":"","header-above-stick-meta":"","header-main-stick-meta":"","header-below-stick-meta":"","astra-migrate-meta-layouts":"set","ast-page-background-enabled":"default","ast-page-background-meta":{"desktop":{"background-color":"","background-image":"","background-repeat":"repeat","background-position":"center center","background-size":"auto","background-attachment":"scroll","background-type":"","background-media":"","overlay-type":"","overlay-color":"","overlay-opacity":"","overlay-gradient":""},"tablet":{"background-color":"","background-image":"","background-repeat":"repeat","background-position":"center center","background-size":"auto","background-attachment":"scroll","background-type":"","background-media":"","overlay-type":"","overlay-color":"","overlay-opacity":"","overlay-gradient":""},"mobile":{"background-color":"","background-image":"","background-repeat":"repeat","background-position":"center center","background-size":"auto","background-attachment":"scroll","background-type":"","background-media":"","overlay-type":"","overlay-color":"","overlay-opacity":"","overlay-gradient":""}},"ast-content-background-meta":{"desktop":{"background-color":"var(--ast-global-color-5)","background-image":"","background-repeat":"repeat","background-position":"center center","background-size":"auto","background-attachment":"scroll","background-type":"","background-media":"","overlay-type":"","overlay-color":"","overlay-opacity":"","overlay-gradient":""},"tablet":{"background-color":"var(--ast-global-color-5)","background-image":"","background-repeat":"repeat","background-position":"center center","background-size":"auto","background-attachment":"scroll","background-type":"","background-media":"","overlay-type":"","overlay-color":"","overlay-opacity":"","overlay-gradient":""},"mobile":{"background-color":"var(--ast-global-color-5)","background-image":"","background-repeat":"repeat","background-position":"center center","background-size":"auto","background-attachment":"scroll","background-type":"","background-media":"","overlay-type":"","overlay-color":"","overlay-opacity":"","overlay-gradient":""}},"footnotes":""},"yoast_head":"<!-- This site is optimized with the Yoast SEO Premium plugin v21.7 (Yoast SEO v23.9) - https:\/\/yoast.com\/wordpress\/plugins\/seo\/ -->\n<title>Affiliation - IWI | Programme WedSKILLS<\/title>\n<meta name=\"robots\" content=\"index, follow, max-snippet:-1, max-image-preview:large, max-video-preview:-1\" \/>\n<link rel=\"canonical\" href=\"https:\/\/internationalweddinginstitute.com\/formation\/affiliation\/\" \/>\n<meta property=\"og:locale\" content=\"fr_FR\" \/>\n<meta property=\"og:type\" content=\"article\" \/>\n<meta property=\"og:title\" content=\"Affiliation\" \/>\n<meta property=\"og:description\" content=\"Affiliation &#8220;Dans le cadre de son activite\u0301, l&#8217;IWI, repr\u00e9sent\u00e9 par An@ communication SARL, est susceptible de mettre en \u0153uvre des liens d\u2019affiliation avec des partenaires commerciaux. Conform\u00e9ment aux articles L.111.7 et D.111.7 du Code de la consommation, l&#8217;IWI consacre donc cette page a\u0300 vous informer sur l\u2019existence des liens d\u2019affiliation qu\u2019elle utilise : Qu\u2019est-ce qu\u2019un [&hellip;]\" \/>\n<meta property=\"og:url\" content=\"https:\/\/internationalweddinginstitute.com\/formation\/affiliation\/\" \/>\n<meta property=\"og:site_name\" content=\"IWI | Programme WedSKILLS\" \/>\n<meta property=\"article:modified_time\" content=\"2023-11-24T11:17:55+00:00\" \/>\n<meta name=\"twitter:card\" content=\"summary_large_image\" \/>\n<meta name=\"twitter:label1\" content=\"Dur\u00e9e de lecture estim\u00e9e\" \/>\n\t<meta name=\"twitter:data1\" content=\"2 minutes\" \/>\n<script type=\"application\/ld+json\" class=\"yoast-schema-graph\">{\"@context\":\"https:\/\/schema.org\",\"@graph\":[{\"@type\":\"WebPage\",\"@id\":\"https:\/\/internationalweddinginstitute.com\/formation\/affiliation\/\",\"url\":\"https:\/\/internationalweddinginstitute.com\/formation\/affiliation\/\",\"name\":\"Affiliation - IWI | Programme WedSKILLS\",\"isPartOf\":{\"@id\":\"https:\/\/internationalweddinginstitute.com\/formation\/#website\"},\"datePublished\":\"2023-11-24T11:03:38+00:00\",\"dateModified\":\"2023-11-24T11:17:55+00:00\",\"breadcrumb\":{\"@id\":\"https:\/\/internationalweddinginstitute.com\/formation\/affiliation\/#breadcrumb\"},\"inLanguage\":\"fr-FR\",\"potentialAction\":[{\"@type\":\"ReadAction\",\"target\":[\"https:\/\/internationalweddinginstitute.com\/formation\/affiliation\/\"]}]},{\"@type\":\"BreadcrumbList\",\"@id\":\"https:\/\/internationalweddinginstitute.com\/formation\/affiliation\/#breadcrumb\",\"itemListElement\":[{\"@type\":\"ListItem\",\"position\":1,\"name\":\"Accueil\",\"item\":\"https:\/\/internationalweddinginstitute.com\/formation\/\"},{\"@type\":\"ListItem\",\"position\":2,\"name\":\"Affiliation\"}]},{\"@type\":\"WebSite\",\"@id\":\"https:\/\/internationalweddinginstitute.com\/formation\/#website\",\"url\":\"https:\/\/internationalweddinginstitute.com\/formation\/\",\"name\":\"IWI | Programme WedSKILLS\",\"description\":\"\",\"publisher\":{\"@id\":\"https:\/\/internationalweddinginstitute.com\/formation\/#organization\"},\"potentialAction\":[{\"@type\":\"SearchAction\",\"target\":{\"@type\":\"EntryPoint\",\"urlTemplate\":\"https:\/\/internationalweddinginstitute.com\/formation\/?s={search_term_string}\"},\"query-input\":{\"@type\":\"PropertyValueSpecification\",\"valueRequired\":true,\"valueName\":\"search_term_string\"}}],\"inLanguage\":\"fr-FR\"},{\"@type\":\"Organization\",\"@id\":\"https:\/\/internationalweddinginstitute.com\/formation\/#organization\",\"name\":\"WedSKILLS\",\"url\":\"https:\/\/internationalweddinginstitute.com\/formation\/\",\"logo\":{\"@type\":\"ImageObject\",\"inLanguage\":\"fr-FR\",\"@id\":\"https:\/\/internationalweddinginstitute.com\/formation\/#\/schema\/logo\/image\/\",\"url\":\"https:\/\/internationalweddinginstitute.com\/formation\/wp-content\/uploads\/sites\/12\/2021\/05\/logoIWI2022-white.png\",\"contentUrl\":\"https:\/\/internationalweddinginstitute.com\/formation\/wp-content\/uploads\/sites\/12\/2021\/05\/logoIWI2022-white.png\",\"width\":1000,\"height\":1000,\"caption\":\"WedSKILLS\"},\"image\":{\"@id\":\"https:\/\/internationalweddinginstitute.com\/formation\/#\/schema\/logo\/image\/\"}}]}<\/script>\n<!-- \/ Yoast SEO Premium plugin. -->","yoast_head_json":{"title":"Affiliation - IWI | Programme WedSKILLS","robots":{"index":"index","follow":"follow","max-snippet":"max-snippet:-1","max-image-preview":"max-image-preview:large","max-video-preview":"max-video-preview:-1"},"canonical":"https:\/\/internationalweddinginstitute.com\/formation\/affiliation\/","og_locale":"fr_FR","og_type":"article","og_title":"Affiliation","og_description":"Affiliation &#8220;Dans le cadre de son activite\u0301, l&#8217;IWI, repr\u00e9sent\u00e9 par An@ communication SARL, est susceptible de mettre en \u0153uvre des liens d\u2019affiliation avec des partenaires commerciaux. Conform\u00e9ment aux articles L.111.7 et D.111.7 du Code de la consommation, l&#8217;IWI consacre donc cette page a\u0300 vous informer sur l\u2019existence des liens d\u2019affiliation qu\u2019elle utilise : Qu\u2019est-ce qu\u2019un [&hellip;]","og_url":"https:\/\/internationalweddinginstitute.com\/formation\/affiliation\/","og_site_name":"IWI | Programme WedSKILLS","article_modified_time":"2023-11-24T11:17:55+00:00","twitter_card":"summary_large_image","twitter_misc":{"Dur\u00e9e de lecture estim\u00e9e":"2 minutes"},"schema":{"@context":"https:\/\/schema.org","@graph":[{"@type":"WebPage","@id":"https:\/\/internationalweddinginstitute.com\/formation\/affiliation\/","url":"https:\/\/internationalweddinginstitute.com\/formation\/affiliation\/","name":"Affiliation - IWI | Programme WedSKILLS","isPartOf":{"@id":"https:\/\/internationalweddinginstitute.com\/formation\/#website"},"datePublished":"2023-11-24T11:03:38+00:00","dateModified":"2023-11-24T11:17:55+00:00","breadcrumb":{"@id":"https:\/\/internationalweddinginstitute.com\/formation\/affiliation\/#breadcrumb"},"inLanguage":"fr-FR","potentialAction":[{"@type":"ReadAction","target":["https:\/\/internationalweddinginstitute.com\/formation\/affiliation\/"]}]},{"@type":"BreadcrumbList","@id":"https:\/\/internationalweddinginstitute.com\/formation\/affiliation\/#breadcrumb","itemListElement":[{"@type":"ListItem","position":1,"name":"Accueil","item":"https:\/\/internationalweddinginstitute.com\/formation\/"},{"@type":"ListItem","position":2,"name":"Affiliation"}]},{"@type":"WebSite","@id":"https:\/\/internationalweddinginstitute.com\/formation\/#website","url":"https:\/\/internationalweddinginstitute.com\/formation\/","name":"IWI | Programme WedSKILLS","description":"","publisher":{"@id":"https:\/\/internationalweddinginstitute.com\/formation\/#organization"},"potentialAction":[{"@type":"SearchAction","target":{"@type":"EntryPoint","urlTemplate":"https:\/\/internationalweddinginstitute.com\/formation\/?s={search_term_string}"},"query-input":{"@type":"PropertyValueSpecification","valueRequired":true,"valueName":"search_term_string"}}],"inLanguage":"fr-FR"},{"@type":"Organization","@id":"https:\/\/internationalweddinginstitute.com\/formation\/#organization","name":"WedSKILLS","url":"https:\/\/internationalweddinginstitute.com\/formation\/","logo":{"@type":"ImageObject","inLanguage":"fr-FR","@id":"https:\/\/internationalweddinginstitute.com\/formation\/#\/schema\/logo\/image\/","url":"https:\/\/internationalweddinginstitute.com\/formation\/wp-content\/uploads\/sites\/12\/2021\/05\/logoIWI2022-white.png","contentUrl":"https:\/\/internationalweddinginstitute.com\/formation\/wp-content\/uploads\/sites\/12\/2021\/05\/logoIWI2022-white.png","width":1000,"height":1000,"caption":"WedSKILLS"},"image":{"@id":"https:\/\/internationalweddinginstitute.com\/formation\/#\/schema\/logo\/image\/"}}]}},"_links":{"self":[{"href":"https:\/\/internationalweddinginstitute.com\/formation\/wp-json\/wp\/v2\/pages\/60519"}],"collection":[{"href":"https:\/\/internationalweddinginstitute.com\/formation\/wp-json\/wp\/v2\/pages"}],"about":[{"href":"https:\/\/internationalweddinginstitute.com\/formation\/wp-json\/wp\/v2\/types\/page"}],"author":[{"embeddable":true,"href":"https:\/\/internationalweddinginstitute.com\/formation\/wp-json\/wp\/v2\/users\/9"}],"replies":[{"embeddable":true,"href":"https:\/\/internationalweddinginstitute.com\/formation\/wp-json\/wp\/v2\/comments?post=60519"}],"version-history":[{"count":4,"href":"https:\/\/internationalweddinginstitute.com\/formation\/wp-json\/wp\/v2\/pages\/60519\/revisions"}],"predecessor-version":[{"id":60524,"href":"https:\/\/internationalweddinginstitute.com\/formation\/wp-json\/wp\/v2\/pages\/60519\/revisions\/60524"}],"wp:attachment":[{"href":"https:\/\/internationalweddinginstitute.com\/formation\/wp-json\/wp\/v2\/media?parent=60519"}],"curies":[{"name":"wp","href":"https:\/\/api.w.org\/{rel}","templated":true}]}}