{"id":28658,"date":"2021-06-22T12:17:24","date_gmt":"2021-06-22T10:17:24","guid":{"rendered":"https:\/\/formation.internationalweddinginstitute.com\/?page_id=28658"},"modified":"2023-02-09T17:28:19","modified_gmt":"2023-02-09T16:28:19","slug":"demarrer-gratuitement","status":"publish","type":"page","link":"https:\/\/internationalweddinginstitute.com\/formation\/demarrer-gratuitement\/","title":{"rendered":"D\u00e9marrer gratuitement"},"content":{"rendered":"\t\t<div data-elementor-type=\"wp-page\" data-elementor-id=\"28658\" class=\"elementor elementor-28658\" data-elementor-post-type=\"page\">\n\t\t\t\t\t\t<section class=\"elementor-section elementor-top-section elementor-element elementor-element-6ff64ac2 elementor-section-boxed elementor-section-height-default elementor-section-height-default\" data-id=\"6ff64ac2\" data-element_type=\"section\">\n\t\t\t\t\t\t<div class=\"elementor-container elementor-column-gap-default\">\n\t\t\t\t\t<div class=\"elementor-column elementor-col-33 elementor-top-column elementor-element elementor-element-872e55b\" data-id=\"872e55b\" data-element_type=\"column\">\n\t\t\t<div class=\"elementor-widget-wrap\">\n\t\t\t\t\t\t\t<\/div>\n\t\t<\/div>\n\t\t\t\t<div class=\"elementor-column elementor-col-33 elementor-top-column elementor-element elementor-element-2807e5ae\" data-id=\"2807e5ae\" data-element_type=\"column\">\n\t\t\t<div class=\"elementor-widget-wrap elementor-element-populated\">\n\t\t\t\t\t\t<div class=\"elementor-element elementor-element-7e2dd12 elementor-widget elementor-widget-image\" data-id=\"7e2dd12\" data-element_type=\"widget\" data-widget_type=\"image.default\">\n\t\t\t\t<div class=\"elementor-widget-container\">\n\t\t\t\t\t\t\t\t\t\t\t\t\t<img fetchpriority=\"high\" decoding=\"async\" width=\"1024\" height=\"1024\" src=\"https:\/\/internationalweddinginstitute.com\/formation\/wp-content\/uploads\/sites\/12\/2023\/01\/logoIWI2022-g-1024x1024.png\" class=\"attachment-large size-large wp-image-54113\" alt=\"\" srcset=\"https:\/\/internationalweddinginstitute.com\/formation\/wp-content\/uploads\/sites\/12\/2023\/01\/logoIWI2022-g-1024x1024.png 1024w, https:\/\/internationalweddinginstitute.com\/formation\/wp-content\/uploads\/sites\/12\/2023\/01\/logoIWI2022-g-300x300.png 300w, https:\/\/internationalweddinginstitute.com\/formation\/wp-content\/uploads\/sites\/12\/2023\/01\/logoIWI2022-g-150x150.png 150w, https:\/\/internationalweddinginstitute.com\/formation\/wp-content\/uploads\/sites\/12\/2023\/01\/logoIWI2022-g-768x768.png 768w, https:\/\/internationalweddinginstitute.com\/formation\/wp-content\/uploads\/sites\/12\/2023\/01\/logoIWI2022-g-1536x1536.png 1536w, https:\/\/internationalweddinginstitute.com\/formation\/wp-content\/uploads\/sites\/12\/2023\/01\/logoIWI2022-g-2048x2048.png 2048w, https:\/\/internationalweddinginstitute.com\/formation\/wp-content\/uploads\/sites\/12\/2023\/01\/logoIWI2022-g-700x700.png 700w, https:\/\/internationalweddinginstitute.com\/formation\/wp-content\/uploads\/sites\/12\/2023\/01\/logoIWI2022-g-50x50.png 50w, https:\/\/internationalweddinginstitute.com\/formation\/wp-content\/uploads\/sites\/12\/2023\/01\/logoIWI2022-g-100x100.png 100w, https:\/\/internationalweddinginstitute.com\/formation\/wp-content\/uploads\/sites\/12\/2023\/01\/logoIWI2022-g-600x600.png 600w\" sizes=\"(max-width: 1024px) 100vw, 1024px\" \/>\t\t\t\t\t\t\t\t\t\t\t\t\t<\/div>\n\t\t\t\t<\/div>\n\t\t\t\t<div class=\"elementor-element elementor-element-7c1a3ca0 elementor-widget elementor-widget-spacer\" data-id=\"7c1a3ca0\" data-element_type=\"widget\" data-widget_type=\"spacer.default\">\n\t\t\t\t<div class=\"elementor-widget-container\">\n\t\t\t\t\t<div class=\"elementor-spacer\">\n\t\t\t<div class=\"elementor-spacer-inner\"><\/div>\n\t\t<\/div>\n\t\t\t\t<\/div>\n\t\t\t\t<\/div>\n\t\t\t\t\t<\/div>\n\t\t<\/div>\n\t\t\t\t<div class=\"elementor-column elementor-col-33 elementor-top-column elementor-element elementor-element-dae7b10\" data-id=\"dae7b10\" data-element_type=\"column\">\n\t\t\t<div class=\"elementor-widget-wrap\">\n\t\t\t\t\t\t\t<\/div>\n\t\t<\/div>\n\t\t\t\t\t<\/div>\n\t\t<\/section>\n\t\t\t\t<section class=\"elementor-section elementor-top-section elementor-element elementor-element-5fe8761 elementor-section-boxed elementor-section-height-default elementor-section-height-default\" data-id=\"5fe8761\" data-element_type=\"section\">\n\t\t\t\t\t\t<div class=\"elementor-container elementor-column-gap-default\">\n\t\t\t\t\t<div class=\"elementor-column elementor-col-100 elementor-top-column elementor-element elementor-element-946a463\" data-id=\"946a463\" data-element_type=\"column\">\n\t\t\t<div class=\"elementor-widget-wrap elementor-element-populated\">\n\t\t\t\t\t\t<div class=\"elementor-element elementor-element-8860917 elementor-widget elementor-widget-heading\" data-id=\"8860917\" data-element_type=\"widget\" data-widget_type=\"heading.default\">\n\t\t\t\t<div class=\"elementor-widget-container\">\n\t\t\t<h2 class=\"elementor-heading-title elementor-size-default\">Cr\u00e9er un compte gratuit<\/h2>\t\t<\/div>\n\t\t\t\t<\/div>\n\t\t\t\t<div class=\"elementor-element elementor-element-47f6164 elementor-widget elementor-widget-spacer\" data-id=\"47f6164\" data-element_type=\"widget\" data-widget_type=\"spacer.default\">\n\t\t\t\t<div class=\"elementor-widget-container\">\n\t\t\t\t\t<div class=\"elementor-spacer\">\n\t\t\t<div class=\"elementor-spacer-inner\"><\/div>\n\t\t<\/div>\n\t\t\t\t<\/div>\n\t\t\t\t<\/div>\n\t\t\t\t\t<\/div>\n\t\t<\/div>\n\t\t\t\t\t<\/div>\n\t\t<\/section>\n\t\t\t\t<section class=\"elementor-section elementor-top-section elementor-element elementor-element-3648aa32 elementor-section-boxed elementor-section-height-default elementor-section-height-default\" data-id=\"3648aa32\" data-element_type=\"section\">\n\t\t\t\t\t\t<div class=\"elementor-container elementor-column-gap-wider\">\n\t\t\t\t\t<div class=\"elementor-column elementor-col-50 elementor-top-column elementor-element elementor-element-795999e\" data-id=\"795999e\" data-element_type=\"column\" data-settings=\"{&quot;background_background&quot;:&quot;classic&quot;}\">\n\t\t\t<div class=\"elementor-widget-wrap elementor-element-populated\">\n\t\t\t\t\t\t<div class=\"elementor-element elementor-element-87d627e elementor-widget elementor-widget-heading\" data-id=\"87d627e\" data-element_type=\"widget\" data-widget_type=\"heading.default\">\n\t\t\t\t<div class=\"elementor-widget-container\">\n\t\t\t<h2 class=\"elementor-heading-title elementor-size-default\">Je suis int\u00e9ress\u00e9\u00b7e<\/h2>\t\t<\/div>\n\t\t\t\t<\/div>\n\t\t\t\t<div class=\"elementor-element elementor-element-e31bde8 elementor-widget elementor-widget-heading\" data-id=\"e31bde8\" data-element_type=\"widget\" data-widget_type=\"heading.default\">\n\t\t\t\t<div class=\"elementor-widget-container\">\n\t\t\t<h2 class=\"elementor-heading-title elementor-size-default\">Je veux suivre la formation d\u00e9couverte<\/h2>\t\t<\/div>\n\t\t\t\t<\/div>\n\t\t\t\t<div class=\"elementor-element elementor-element-24ac444 elementor-align-center elementor-widget elementor-widget-button\" data-id=\"24ac444\" data-element_type=\"widget\" data-widget_type=\"button.default\">\n\t\t\t\t<div class=\"elementor-widget-container\">\n\t\t\t\t\t<div class=\"elementor-button-wrapper\">\n\t\t\t<a class=\"elementor-button elementor-button-link elementor-size-sm\" href=\"https:\/\/internationalweddinginstitute.com\/formation\/lp-formation-decouverte-wedding-planner\/\">\n\t\t\t\t\t\t<span class=\"elementor-button-content-wrapper\">\n\t\t\t\t\t\t\t\t\t<span class=\"elementor-button-text\">Cr\u00e9er un compte formation<\/span>\n\t\t\t\t\t<\/span>\n\t\t\t\t\t<\/a>\n\t\t<\/div>\n\t\t\t\t<\/div>\n\t\t\t\t<\/div>\n\t\t\t\t\t<\/div>\n\t\t<\/div>\n\t\t\t\t<div class=\"elementor-column elementor-col-50 elementor-top-column elementor-element elementor-element-0ee1fcb\" data-id=\"0ee1fcb\" data-element_type=\"column\" data-settings=\"{&quot;background_background&quot;:&quot;classic&quot;}\">\n\t\t\t<div class=\"elementor-widget-wrap elementor-element-populated\">\n\t\t\t\t\t\t<div class=\"elementor-element elementor-element-462ae38 elementor-widget elementor-widget-heading\" data-id=\"462ae38\" data-element_type=\"widget\" data-widget_type=\"heading.default\">\n\t\t\t\t<div class=\"elementor-widget-container\">\n\t\t\t<h2 class=\"elementor-heading-title elementor-size-default\">Je suis d\u00e9j\u00e0 lanc\u00e9\u00b7e<\/h2>\t\t<\/div>\n\t\t\t\t<\/div>\n\t\t\t\t<div class=\"elementor-element elementor-element-87b3d19 elementor-widget elementor-widget-heading\" data-id=\"87b3d19\" data-element_type=\"widget\" data-widget_type=\"heading.default\">\n\t\t\t\t<div class=\"elementor-widget-container\">\n\t\t\t<h2 class=\"elementor-heading-title elementor-size-default\">Je veux acc\u00e9der aux outils gratuits<\/h2>\t\t<\/div>\n\t\t\t\t<\/div>\n\t\t\t\t<div class=\"elementor-element elementor-element-b991f2f elementor-align-center elementor-widget elementor-widget-button\" data-id=\"b991f2f\" data-element_type=\"widget\" data-widget_type=\"button.default\">\n\t\t\t\t<div class=\"elementor-widget-container\">\n\t\t\t\t\t<div class=\"elementor-button-wrapper\">\n\t\t\t<a class=\"elementor-button elementor-button-link elementor-size-sm\" href=\"https:\/\/internationalweddinginstitute.com\/formation\/lp1b-creer-un-compte-pour-acceder-aux-outils-gratuits\/\">\n\t\t\t\t\t\t<span class=\"elementor-button-content-wrapper\">\n\t\t\t\t\t\t\t\t\t<span class=\"elementor-button-text\">Cr\u00e9er un compte pro<\/span>\n\t\t\t\t\t<\/span>\n\t\t\t\t\t<\/a>\n\t\t<\/div>\n\t\t\t\t<\/div>\n\t\t\t\t<\/div>\n\t\t\t\t\t<\/div>\n\t\t<\/div>\n\t\t\t\t\t<\/div>\n\t\t<\/section>\n\t\t\t\t<\/div>\n\t\t","protected":false},"excerpt":{"rendered":"<p>Cr\u00e9er un compte gratuit Je suis int\u00e9ress\u00e9\u00b7e Je veux suivre la formation d\u00e9couverte Cr\u00e9er un compte formation Je suis d\u00e9j\u00e0 lanc\u00e9\u00b7e Je veux acc\u00e9der aux outils gratuits Cr\u00e9er un compte pro<\/p>\n","protected":false},"author":1,"featured_media":0,"parent":0,"menu_order":0,"comment_status":"closed","ping_status":"closed","template":"elementor_canvas","meta":{"_bbp_topic_count":0,"_bbp_reply_count":0,"_bbp_total_topic_count":0,"_bbp_total_reply_count":0,"_bbp_voice_count":0,"_bbp_anonymous_reply_count":0,"_bbp_topic_count_hidden":0,"_bbp_reply_count_hidden":0,"_bbp_forum_subforum_count":0,"site-sidebar-layout":"no-sidebar","site-content-layout":"page-builder","ast-site-content-layout":"","site-content-style":"default","site-sidebar-style":"default","ast-global-header-display":"","ast-banner-title-visibility":"","ast-main-header-display":"","ast-hfb-above-header-display":"","ast-hfb-below-header-display":"","ast-hfb-mobile-header-display":"","site-post-title":"disabled","ast-breadcrumbs-content":"","ast-featured-img":"disabled","footer-sml-layout":"","theme-transparent-header-meta":"default","adv-header-id-meta":"","stick-header-meta":"","header-above-stick-meta":"","header-main-stick-meta":"","header-below-stick-meta":"","astra-migrate-meta-layouts":"default","ast-page-background-enabled":"default","ast-page-background-meta":{"desktop":{"background-color":"","background-image":"","background-repeat":"repeat","background-position":"center center","background-size":"auto","background-attachment":"scroll","background-type":"","background-media":"","overlay-type":"","overlay-color":"","overlay-opacity":"","overlay-gradient":""},"tablet":{"background-color":"","background-image":"","background-repeat":"repeat","background-position":"center center","background-size":"auto","background-attachment":"scroll","background-type":"","background-media":"","overlay-type":"","overlay-color":"","overlay-opacity":"","overlay-gradient":""},"mobile":{"background-color":"","background-image":"","background-repeat":"repeat","background-position":"center center","background-size":"auto","background-attachment":"scroll","background-type":"","background-media":"","overlay-type":"","overlay-color":"","overlay-opacity":"","overlay-gradient":""}},"ast-content-background-meta":{"desktop":{"background-color":"var(--ast-global-color-5)","background-image":"","background-repeat":"repeat","background-position":"center center","background-size":"auto","background-attachment":"scroll","background-type":"","background-media":"","overlay-type":"","overlay-color":"","overlay-opacity":"","overlay-gradient":""},"tablet":{"background-color":"var(--ast-global-color-5)","background-image":"","background-repeat":"repeat","background-position":"center center","background-size":"auto","background-attachment":"scroll","background-type":"","background-media":"","overlay-type":"","overlay-color":"","overlay-opacity":"","overlay-gradient":""},"mobile":{"background-color":"var(--ast-global-color-5)","background-image":"","background-repeat":"repeat","background-position":"center center","background-size":"auto","background-attachment":"scroll","background-type":"","background-media":"","overlay-type":"","overlay-color":"","overlay-opacity":"","overlay-gradient":""}},"footnotes":""},"yoast_head":"<!-- This site is optimized with the Yoast SEO Premium plugin v21.7 (Yoast SEO v23.9) - https:\/\/yoast.com\/wordpress\/plugins\/seo\/ -->\n<title>D\u00e9marrer gratuitement - IWI | Programme WedSKILLS<\/title>\n<meta name=\"robots\" content=\"index, follow, max-snippet:-1, max-image-preview:large, max-video-preview:-1\" \/>\n<link rel=\"canonical\" href=\"https:\/\/internationalweddinginstitute.com\/formation\/demarrer-gratuitement\/\" \/>\n<meta property=\"og:locale\" content=\"fr_FR\" \/>\n<meta property=\"og:type\" content=\"article\" \/>\n<meta property=\"og:title\" content=\"D\u00e9marrer gratuitement\" \/>\n<meta property=\"og:description\" content=\"Cr\u00e9er un compte gratuit Je suis int\u00e9ress\u00e9\u00b7e Je veux suivre la formation d\u00e9couverte Cr\u00e9er un compte formation Je suis d\u00e9j\u00e0 lanc\u00e9\u00b7e Je veux acc\u00e9der aux outils gratuits Cr\u00e9er un compte pro\" \/>\n<meta property=\"og:url\" content=\"https:\/\/internationalweddinginstitute.com\/formation\/demarrer-gratuitement\/\" \/>\n<meta property=\"og:site_name\" content=\"IWI | Programme WedSKILLS\" \/>\n<meta property=\"article:modified_time\" content=\"2023-02-09T16:28:19+00:00\" \/>\n<meta property=\"og:image\" content=\"https:\/\/internationalweddinginstitute.com\/formation\/wp-content\/uploads\/sites\/12\/2023\/01\/logoIWI2022-g-1024x1024.png\" \/>\n<meta name=\"twitter:card\" content=\"summary_large_image\" \/>\n<meta name=\"twitter:label1\" content=\"Dur\u00e9e de lecture estim\u00e9e\" \/>\n\t<meta name=\"twitter:data1\" content=\"5 minutes\" \/>\n<script type=\"application\/ld+json\" class=\"yoast-schema-graph\">{\"@context\":\"https:\/\/schema.org\",\"@graph\":[{\"@type\":\"WebPage\",\"@id\":\"https:\/\/internationalweddinginstitute.com\/formation\/demarrer-gratuitement\/\",\"url\":\"https:\/\/internationalweddinginstitute.com\/formation\/demarrer-gratuitement\/\",\"name\":\"D\u00e9marrer gratuitement - IWI | Programme WedSKILLS\",\"isPartOf\":{\"@id\":\"https:\/\/internationalweddinginstitute.com\/formation\/#website\"},\"primaryImageOfPage\":{\"@id\":\"https:\/\/internationalweddinginstitute.com\/formation\/demarrer-gratuitement\/#primaryimage\"},\"image\":{\"@id\":\"https:\/\/internationalweddinginstitute.com\/formation\/demarrer-gratuitement\/#primaryimage\"},\"thumbnailUrl\":\"https:\/\/internationalweddinginstitute.com\/formation\/wp-content\/uploads\/sites\/12\/2023\/01\/logoIWI2022-g-1024x1024.png\",\"datePublished\":\"2021-06-22T10:17:24+00:00\",\"dateModified\":\"2023-02-09T16:28:19+00:00\",\"breadcrumb\":{\"@id\":\"https:\/\/internationalweddinginstitute.com\/formation\/demarrer-gratuitement\/#breadcrumb\"},\"inLanguage\":\"fr-FR\",\"potentialAction\":[{\"@type\":\"ReadAction\",\"target\":[\"https:\/\/internationalweddinginstitute.com\/formation\/demarrer-gratuitement\/\"]}]},{\"@type\":\"ImageObject\",\"inLanguage\":\"fr-FR\",\"@id\":\"https:\/\/internationalweddinginstitute.com\/formation\/demarrer-gratuitement\/#primaryimage\",\"url\":\"https:\/\/internationalweddinginstitute.com\/formation\/wp-content\/uploads\/sites\/12\/2023\/01\/logoIWI2022-g.png\",\"contentUrl\":\"https:\/\/internationalweddinginstitute.com\/formation\/wp-content\/uploads\/sites\/12\/2023\/01\/logoIWI2022-g.png\",\"width\":2160,\"height\":2160},{\"@type\":\"BreadcrumbList\",\"@id\":\"https:\/\/internationalweddinginstitute.com\/formation\/demarrer-gratuitement\/#breadcrumb\",\"itemListElement\":[{\"@type\":\"ListItem\",\"position\":1,\"name\":\"Accueil\",\"item\":\"https:\/\/internationalweddinginstitute.com\/formation\/\"},{\"@type\":\"ListItem\",\"position\":2,\"name\":\"D\u00e9marrer gratuitement\"}]},{\"@type\":\"WebSite\",\"@id\":\"https:\/\/internationalweddinginstitute.com\/formation\/#website\",\"url\":\"https:\/\/internationalweddinginstitute.com\/formation\/\",\"name\":\"IWI | Programme WedSKILLS\",\"description\":\"\",\"publisher\":{\"@id\":\"https:\/\/internationalweddinginstitute.com\/formation\/#organization\"},\"potentialAction\":[{\"@type\":\"SearchAction\",\"target\":{\"@type\":\"EntryPoint\",\"urlTemplate\":\"https:\/\/internationalweddinginstitute.com\/formation\/?s={search_term_string}\"},\"query-input\":{\"@type\":\"PropertyValueSpecification\",\"valueRequired\":true,\"valueName\":\"search_term_string\"}}],\"inLanguage\":\"fr-FR\"},{\"@type\":\"Organization\",\"@id\":\"https:\/\/internationalweddinginstitute.com\/formation\/#organization\",\"name\":\"WedSKILLS\",\"url\":\"https:\/\/internationalweddinginstitute.com\/formation\/\",\"logo\":{\"@type\":\"ImageObject\",\"inLanguage\":\"fr-FR\",\"@id\":\"https:\/\/internationalweddinginstitute.com\/formation\/#\/schema\/logo\/image\/\",\"url\":\"https:\/\/internationalweddinginstitute.com\/formation\/wp-content\/uploads\/sites\/12\/2021\/05\/logoIWI2022-white.png\",\"contentUrl\":\"https:\/\/internationalweddinginstitute.com\/formation\/wp-content\/uploads\/sites\/12\/2021\/05\/logoIWI2022-white.png\",\"width\":1000,\"height\":1000,\"caption\":\"WedSKILLS\"},\"image\":{\"@id\":\"https:\/\/internationalweddinginstitute.com\/formation\/#\/schema\/logo\/image\/\"}}]}<\/script>\n<!-- \/ Yoast SEO Premium plugin. -->","yoast_head_json":{"title":"D\u00e9marrer gratuitement - IWI | Programme WedSKILLS","robots":{"index":"index","follow":"follow","max-snippet":"max-snippet:-1","max-image-preview":"max-image-preview:large","max-video-preview":"max-video-preview:-1"},"canonical":"https:\/\/internationalweddinginstitute.com\/formation\/demarrer-gratuitement\/","og_locale":"fr_FR","og_type":"article","og_title":"D\u00e9marrer gratuitement","og_description":"Cr\u00e9er un compte gratuit Je suis int\u00e9ress\u00e9\u00b7e Je veux suivre la formation d\u00e9couverte Cr\u00e9er un compte formation Je suis d\u00e9j\u00e0 lanc\u00e9\u00b7e Je veux acc\u00e9der aux outils gratuits Cr\u00e9er un compte pro","og_url":"https:\/\/internationalweddinginstitute.com\/formation\/demarrer-gratuitement\/","og_site_name":"IWI | Programme WedSKILLS","article_modified_time":"2023-02-09T16:28:19+00:00","og_image":[{"url":"https:\/\/internationalweddinginstitute.com\/formation\/wp-content\/uploads\/sites\/12\/2023\/01\/logoIWI2022-g-1024x1024.png"}],"twitter_card":"summary_large_image","twitter_misc":{"Dur\u00e9e de lecture estim\u00e9e":"5 minutes"},"schema":{"@context":"https:\/\/schema.org","@graph":[{"@type":"WebPage","@id":"https:\/\/internationalweddinginstitute.com\/formation\/demarrer-gratuitement\/","url":"https:\/\/internationalweddinginstitute.com\/formation\/demarrer-gratuitement\/","name":"D\u00e9marrer gratuitement - IWI | Programme WedSKILLS","isPartOf":{"@id":"https:\/\/internationalweddinginstitute.com\/formation\/#website"},"primaryImageOfPage":{"@id":"https:\/\/internationalweddinginstitute.com\/formation\/demarrer-gratuitement\/#primaryimage"},"image":{"@id":"https:\/\/internationalweddinginstitute.com\/formation\/demarrer-gratuitement\/#primaryimage"},"thumbnailUrl":"https:\/\/internationalweddinginstitute.com\/formation\/wp-content\/uploads\/sites\/12\/2023\/01\/logoIWI2022-g-1024x1024.png","datePublished":"2021-06-22T10:17:24+00:00","dateModified":"2023-02-09T16:28:19+00:00","breadcrumb":{"@id":"https:\/\/internationalweddinginstitute.com\/formation\/demarrer-gratuitement\/#breadcrumb"},"inLanguage":"fr-FR","potentialAction":[{"@type":"ReadAction","target":["https:\/\/internationalweddinginstitute.com\/formation\/demarrer-gratuitement\/"]}]},{"@type":"ImageObject","inLanguage":"fr-FR","@id":"https:\/\/internationalweddinginstitute.com\/formation\/demarrer-gratuitement\/#primaryimage","url":"https:\/\/internationalweddinginstitute.com\/formation\/wp-content\/uploads\/sites\/12\/2023\/01\/logoIWI2022-g.png","contentUrl":"https:\/\/internationalweddinginstitute.com\/formation\/wp-content\/uploads\/sites\/12\/2023\/01\/logoIWI2022-g.png","width":2160,"height":2160},{"@type":"BreadcrumbList","@id":"https:\/\/internationalweddinginstitute.com\/formation\/demarrer-gratuitement\/#breadcrumb","itemListElement":[{"@type":"ListItem","position":1,"name":"Accueil","item":"https:\/\/internationalweddinginstitute.com\/formation\/"},{"@type":"ListItem","position":2,"name":"D\u00e9marrer gratuitement"}]},{"@type":"WebSite","@id":"https:\/\/internationalweddinginstitute.com\/formation\/#website","url":"https:\/\/internationalweddinginstitute.com\/formation\/","name":"IWI | Programme WedSKILLS","description":"","publisher":{"@id":"https:\/\/internationalweddinginstitute.com\/formation\/#organization"},"potentialAction":[{"@type":"SearchAction","target":{"@type":"EntryPoint","urlTemplate":"https:\/\/internationalweddinginstitute.com\/formation\/?s={search_term_string}"},"query-input":{"@type":"PropertyValueSpecification","valueRequired":true,"valueName":"search_term_string"}}],"inLanguage":"fr-FR"},{"@type":"Organization","@id":"https:\/\/internationalweddinginstitute.com\/formation\/#organization","name":"WedSKILLS","url":"https:\/\/internationalweddinginstitute.com\/formation\/","logo":{"@type":"ImageObject","inLanguage":"fr-FR","@id":"https:\/\/internationalweddinginstitute.com\/formation\/#\/schema\/logo\/image\/","url":"https:\/\/internationalweddinginstitute.com\/formation\/wp-content\/uploads\/sites\/12\/2021\/05\/logoIWI2022-white.png","contentUrl":"https:\/\/internationalweddinginstitute.com\/formation\/wp-content\/uploads\/sites\/12\/2021\/05\/logoIWI2022-white.png","width":1000,"height":1000,"caption":"WedSKILLS"},"image":{"@id":"https:\/\/internationalweddinginstitute.com\/formation\/#\/schema\/logo\/image\/"}}]}},"_links":{"self":[{"href":"https:\/\/internationalweddinginstitute.com\/formation\/wp-json\/wp\/v2\/pages\/28658"}],"collection":[{"href":"https:\/\/internationalweddinginstitute.com\/formation\/wp-json\/wp\/v2\/pages"}],"about":[{"href":"https:\/\/internationalweddinginstitute.com\/formation\/wp-json\/wp\/v2\/types\/page"}],"author":[{"embeddable":true,"href":"https:\/\/internationalweddinginstitute.com\/formation\/wp-json\/wp\/v2\/users\/1"}],"replies":[{"embeddable":true,"href":"https:\/\/internationalweddinginstitute.com\/formation\/wp-json\/wp\/v2\/comments?post=28658"}],"version-history":[{"count":406,"href":"https:\/\/internationalweddinginstitute.com\/formation\/wp-json\/wp\/v2\/pages\/28658\/revisions"}],"predecessor-version":[{"id":54597,"href":"https:\/\/internationalweddinginstitute.com\/formation\/wp-json\/wp\/v2\/pages\/28658\/revisions\/54597"}],"wp:attachment":[{"href":"https:\/\/internationalweddinginstitute.com\/formation\/wp-json\/wp\/v2\/media?parent=28658"}],"curies":[{"name":"wp","href":"https:\/\/api.w.org\/{rel}","templated":true}]}}