{"id":11,"date":"2021-04-20T19:46:28","date_gmt":"2021-04-20T17:46:28","guid":{"rendered":"https:\/\/formation.internationalweddinginstitute.com\/mon-compte\/"},"modified":"2024-01-30T17:37:37","modified_gmt":"2024-01-30T16:37:37","slug":"mon-compte","status":"publish","type":"page","link":"https:\/\/internationalweddinginstitute.com\/formation\/mon-compte\/","title":{"rendered":"Mon compte"},"content":{"rendered":"\t\t<div data-elementor-type=\"wp-page\" data-elementor-id=\"11\" class=\"elementor elementor-11\" data-elementor-post-type=\"page\">\n\t\t\t\t\t\t<section class=\"elementor-section elementor-top-section elementor-element elementor-element-48dd8d4 elementor-section-boxed elementor-section-height-default elementor-section-height-default\" data-id=\"48dd8d4\" data-element_type=\"section\" data-settings=\"{&quot;background_background&quot;:&quot;classic&quot;}\">\n\t\t\t\t\t\t<div class=\"elementor-container elementor-column-gap-default\">\n\t\t\t\t\t<div class=\"elementor-column elementor-col-100 elementor-top-column elementor-element elementor-element-5247d6c\" data-id=\"5247d6c\" data-element_type=\"column\" data-settings=\"{&quot;background_background&quot;:&quot;classic&quot;}\">\n\t\t\t<div class=\"elementor-widget-wrap elementor-element-populated\">\n\t\t\t\t\t\t<div class=\"elementor-element elementor-element-2596a7e elementor-align-center elementor-widget elementor-widget-button\" data-id=\"2596a7e\" data-element_type=\"widget\" data-widget_type=\"button.default\">\n\t\t\t\t<div class=\"elementor-widget-container\">\n\t\t\t\t\t<div class=\"elementor-button-wrapper\">\n\t\t\t<a class=\"elementor-button elementor-button-link elementor-size-sm\" href=\"https:\/\/internationalweddinginstitute.com\/formation\/#cours\">\n\t\t\t\t\t\t<span class=\"elementor-button-content-wrapper\">\n\t\t\t\t\t\t\t\t\t<span class=\"elementor-button-text\">Acc\u00e9der \u00e0 ma formation >><\/span>\n\t\t\t\t\t<\/span>\n\t\t\t\t\t<\/a>\n\t\t<\/div>\n\t\t\t\t<\/div>\n\t\t\t\t<\/div>\n\t\t\t\t\t<\/div>\n\t\t<\/div>\n\t\t\t\t\t<\/div>\n\t\t<\/section>\n\t\t\t\t<section class=\"elementor-section elementor-top-section elementor-element elementor-element-d158dbf elementor-section-content-top elementor-reverse-tablet elementor-reverse-mobile elementor-section-boxed elementor-section-height-default elementor-section-height-default\" data-id=\"d158dbf\" data-element_type=\"section\" data-settings=\"{&quot;background_background&quot;:&quot;classic&quot;}\">\n\t\t\t\t\t\t<div class=\"elementor-container elementor-column-gap-default\">\n\t\t\t\t\t<div class=\"elementor-column elementor-col-66 elementor-top-column elementor-element elementor-element-dd3b42a\" data-id=\"dd3b42a\" data-element_type=\"column\">\n\t\t\t<div class=\"elementor-widget-wrap elementor-element-populated\">\n\t\t\t\t\t\t<div class=\"elementor-element elementor-element-7789bf0 e-my-account-tabs-vertical elementor-widget elementor-widget-woocommerce-my-account\" data-id=\"7789bf0\" data-element_type=\"widget\" data-settings=\"{&quot;customize_dashboard_check&quot;:&quot;yes&quot;}\" data-widget_type=\"woocommerce-my-account.default\">\n\t\t\t\t<div class=\"elementor-widget-container\">\n\t\t\t<div class=\"e-my-account-tab e-my-account-tab__ \">\t\t\t<div class=\"woocommerce\"><\/div>\t\t<\/div>\n\t\t\t\t<\/div>\n\t\t\t\t<\/div>\n\t\t\t\t\t<\/div>\n\t\t<\/div>\n\t\t\t\t<div class=\"elementor-column elementor-col-33 elementor-top-column elementor-element elementor-element-cc04ff5\" data-id=\"cc04ff5\" data-element_type=\"column\" data-settings=\"{&quot;background_background&quot;:&quot;classic&quot;}\">\n\t\t\t<div class=\"elementor-widget-wrap elementor-element-populated\">\n\t\t\t\t\t\t<section class=\"elementor-section elementor-inner-section elementor-element elementor-element-cce8e16 elementor-section-boxed elementor-section-height-default elementor-section-height-default\" data-id=\"cce8e16\" data-element_type=\"section\">\n\t\t\t\t\t\t<div class=\"elementor-container elementor-column-gap-default\">\n\t\t\t\t\t<div class=\"elementor-column elementor-col-100 elementor-inner-column elementor-element elementor-element-71d0fcc\" data-id=\"71d0fcc\" data-element_type=\"column\" data-settings=\"{&quot;background_background&quot;:&quot;classic&quot;}\">\n\t\t\t<div class=\"elementor-widget-wrap elementor-element-populated\">\n\t\t\t\t\t\t<div class=\"elementor-element elementor-element-e08013c elementor-widget elementor-widget-image\" data-id=\"e08013c\" data-element_type=\"widget\" data-widget_type=\"image.default\">\n\t\t\t\t<div class=\"elementor-widget-container\">\n\t\t\t\t\t\t\t\t\t\t\t\t\t<img fetchpriority=\"high\" decoding=\"async\" width=\"1024\" height=\"228\" src=\"https:\/\/internationalweddinginstitute.com\/formation\/wp-content\/uploads\/sites\/12\/2023\/03\/LogoWedSKILLS-sans-mono-grey-1024x228.png\" class=\"attachment-large size-large wp-image-55081\" alt=\"\" srcset=\"https:\/\/internationalweddinginstitute.com\/formation\/wp-content\/uploads\/sites\/12\/2023\/03\/LogoWedSKILLS-sans-mono-grey-1024x228.png 1024w, https:\/\/internationalweddinginstitute.com\/formation\/wp-content\/uploads\/sites\/12\/2023\/03\/LogoWedSKILLS-sans-mono-grey-300x67.png 300w, https:\/\/internationalweddinginstitute.com\/formation\/wp-content\/uploads\/sites\/12\/2023\/03\/LogoWedSKILLS-sans-mono-grey-768x171.png 768w, https:\/\/internationalweddinginstitute.com\/formation\/wp-content\/uploads\/sites\/12\/2023\/03\/LogoWedSKILLS-sans-mono-grey-50x11.png 50w, https:\/\/internationalweddinginstitute.com\/formation\/wp-content\/uploads\/sites\/12\/2023\/03\/LogoWedSKILLS-sans-mono-grey-100x22.png 100w, https:\/\/internationalweddinginstitute.com\/formation\/wp-content\/uploads\/sites\/12\/2023\/03\/LogoWedSKILLS-sans-mono-grey-600x134.png 600w, https:\/\/internationalweddinginstitute.com\/formation\/wp-content\/uploads\/sites\/12\/2023\/03\/LogoWedSKILLS-sans-mono-grey.png 1200w\" sizes=\"(max-width: 1024px) 100vw, 1024px\" \/>\t\t\t\t\t\t\t\t\t\t\t\t\t<\/div>\n\t\t\t\t<\/div>\n\t\t\t\t<div class=\"elementor-element elementor-element-ed1d0e7 elementor-widget elementor-widget-heading\" data-id=\"ed1d0e7\" data-element_type=\"widget\" data-widget_type=\"heading.default\">\n\t\t\t\t<div class=\"elementor-widget-container\">\n\t\t\t<p class=\"elementor-heading-title elementor-size-default\">ESSENTIEL OU PREMIUM<\/p>\t\t<\/div>\n\t\t\t\t<\/div>\n\t\t\t\t<div class=\"elementor-element elementor-element-9576508 elementor-widget elementor-widget-text-editor\" data-id=\"9576508\" data-element_type=\"widget\" data-widget_type=\"text-editor.default\">\n\t\t\t\t<div class=\"elementor-widget-container\">\n\t\t\t\t\t\t\t<p style=\"text-align: justify;\"><strong>BONNE NOUVELLE<\/strong> ! Le montant cumul\u00e9 de vos mois d&#8217;abonnement CONS\u00c9CUTIFS se transforme en &#8216;avoir&#8217; (nominatif*) pour l&#8217;acc\u00e8s ESSENTIEL ou PREMIUM (en autofinancement**).<\/p><p style=\"text-align: justify;\">Attention, tout d\u00e9sabonnement vous fera perdre cet avoir. En cas de r\u00e9abonnement, le calcul de l&#8217;avoir repart \u00e0 0.\u00a0<\/p>\t\t\t\t\t\t<\/div>\n\t\t\t\t<\/div>\n\t\t\t\t<div class=\"elementor-element elementor-element-4b5eeee elementor-widget elementor-widget-text-editor\" data-id=\"4b5eeee\" data-element_type=\"widget\" data-widget_type=\"text-editor.default\">\n\t\t\t\t<div class=\"elementor-widget-container\">\n\t\t\t\t\t\t\t<p>*non cessible \u00e0 une autre personne<\/p><p>** non utilisable via un financement ext\u00e9rieur (P\u00f4le Emploi, CPF &#8230;)<\/p>\t\t\t\t\t\t<\/div>\n\t\t\t\t<\/div>\n\t\t\t\t<div class=\"elementor-element elementor-element-3624a02 elementor-align-center elementor-widget elementor-widget-button\" data-id=\"3624a02\" data-element_type=\"widget\" data-widget_type=\"button.default\">\n\t\t\t\t<div class=\"elementor-widget-container\">\n\t\t\t\t\t<div class=\"elementor-button-wrapper\">\n\t\t\t<a class=\"elementor-button elementor-button-link elementor-size-sm\" href=\"https:\/\/internationalweddinginstitute.com\/formation\/test-admission\/\">\n\t\t\t\t\t\t<span class=\"elementor-button-content-wrapper\">\n\t\t\t\t\t\t\t\t\t<span class=\"elementor-button-text\">Basculer sur l'acc\u00e8s essentiel ou premium >><\/span>\n\t\t\t\t\t<\/span>\n\t\t\t\t\t<\/a>\n\t\t<\/div>\n\t\t\t\t<\/div>\n\t\t\t\t<\/div>\n\t\t\t\t\t<\/div>\n\t\t<\/div>\n\t\t\t\t\t<\/div>\n\t\t<\/section>\n\t\t\t\t<div class=\"elementor-element elementor-element-537e828 elementor-widget elementor-widget-text-editor\" data-id=\"537e828\" data-element_type=\"widget\" data-widget_type=\"text-editor.default\">\n\t\t\t\t<div class=\"elementor-widget-container\">\n\t\t\t\t\t\t\t<p><strong>Comment annuler mon abonnement ?<\/strong><\/p><p>Onglet ci-dessous &#8220;Mon abonnement&#8221; &gt; Actions &gt; &#8216;Annuler&#8217;<\/p><p><span style=\"color: #ff0000;\"><strong>Que se passe-t-il si j&#8217;annule ?<\/strong><\/span><\/p><p>Le renouvellement de paiement est automatiquement annul\u00e9 et votre statut passe \u00e0 &#8220;en attente d&#8217;annulation&#8221;. Dans les 24h, votre statut passera \u00e0 &#8220;annul\u00e9&#8221;,\u00a0<strong><span style=\"color: #ff0000;\">vous n&#8217;aurez <span style=\"text-decoration: underline;\">plus acc\u00e8s au contenu, votre progression sera supprim\u00e9e<\/span>\u00a0et vous perdrez votre avoir pour l&#8217;acc\u00e8s ESSENTIEL ou PREMIUM<\/span>.\u00a0<\/strong><\/p><p><strong>C&#8217;est une erreur ?<\/strong> Vous aurez 24h pour &#8220;r\u00e9activer&#8221; l&#8217;abonnement. Au-del\u00e0 de ce d\u00e9lai, il faudra vous &#8220;r\u00e9abonner&#8221; et reprendre la formation \u00e0 0.\u00a0<\/p>\t\t\t\t\t\t<\/div>\n\t\t\t\t<\/div>\n\t\t\t\t\t<\/div>\n\t\t<\/div>\n\t\t\t\t\t<\/div>\n\t\t<\/section>\n\t\t\t\t<\/div>\n\t\t","protected":false},"excerpt":{"rendered":"<p>Acc\u00e9der \u00e0 ma formation >> Tableau de bord Commande T\u00e9l\u00e9chargements Adresses Moyens de paiement D\u00e9tails du compte D\u00e9connexion Bonjour Anne-Marie MECHERI (vous n\u2019\u00eates pas Anne-Marie MECHERI\u00a0? D\u00e9connexion) \u00c0 partir du tableau de bord de votre compte, vous pouvez visualiser vos commandes r\u00e9centes, g\u00e9rer vos adresses de livraison et de facturation ainsi que changer votre mot [&hellip;]<\/p>\n","protected":false},"author":1,"featured_media":0,"parent":0,"menu_order":0,"comment_status":"closed","ping_status":"closed","template":"","meta":{"_bbp_topic_count":0,"_bbp_reply_count":0,"_bbp_total_topic_count":0,"_bbp_total_reply_count":0,"_bbp_voice_count":0,"_bbp_anonymous_reply_count":0,"_bbp_topic_count_hidden":0,"_bbp_reply_count_hidden":0,"_bbp_forum_subforum_count":0,"site-sidebar-layout":"no-sidebar","site-content-layout":"page-builder","ast-site-content-layout":"","site-content-style":"default","site-sidebar-style":"default","ast-global-header-display":"","ast-banner-title-visibility":"","ast-main-header-display":"","ast-hfb-above-header-display":"","ast-hfb-below-header-display":"","ast-hfb-mobile-header-display":"","site-post-title":"disabled","ast-breadcrumbs-content":"","ast-featured-img":"disabled","footer-sml-layout":"","theme-transparent-header-meta":"","adv-header-id-meta":"","stick-header-meta":"","header-above-stick-meta":"","header-main-stick-meta":"","header-below-stick-meta":"","astra-migrate-meta-layouts":"default","ast-page-background-enabled":"default","ast-page-background-meta":{"desktop":{"background-color":"","background-image":"","background-repeat":"repeat","background-position":"center center","background-size":"auto","background-attachment":"scroll","background-type":"","background-media":"","overlay-type":"","overlay-color":"","overlay-opacity":"","overlay-gradient":""},"tablet":{"background-color":"","background-image":"","background-repeat":"repeat","background-position":"center center","background-size":"auto","background-attachment":"scroll","background-type":"","background-media":"","overlay-type":"","overlay-color":"","overlay-opacity":"","overlay-gradient":""},"mobile":{"background-color":"","background-image":"","background-repeat":"repeat","background-position":"center center","background-size":"auto","background-attachment":"scroll","background-type":"","background-media":"","overlay-type":"","overlay-color":"","overlay-opacity":"","overlay-gradient":""}},"ast-content-background-meta":{"desktop":{"background-color":"var(--ast-global-color-5)","background-image":"","background-repeat":"repeat","background-position":"center center","background-size":"auto","background-attachment":"scroll","background-type":"","background-media":"","overlay-type":"","overlay-color":"","overlay-opacity":"","overlay-gradient":""},"tablet":{"background-color":"var(--ast-global-color-5)","background-image":"","background-repeat":"repeat","background-position":"center center","background-size":"auto","background-attachment":"scroll","background-type":"","background-media":"","overlay-type":"","overlay-color":"","overlay-opacity":"","overlay-gradient":""},"mobile":{"background-color":"var(--ast-global-color-5)","background-image":"","background-repeat":"repeat","background-position":"center center","background-size":"auto","background-attachment":"scroll","background-type":"","background-media":"","overlay-type":"","overlay-color":"","overlay-opacity":"","overlay-gradient":""}},"footnotes":""},"yoast_head":"<!-- This site is optimized with the Yoast SEO Premium plugin v21.7 (Yoast SEO v23.9) - https:\/\/yoast.com\/wordpress\/plugins\/seo\/ -->\n<title>Mon compte - IWI | Programme WedSKILLS<\/title>\n<meta name=\"robots\" content=\"index, follow, max-snippet:-1, max-image-preview:large, max-video-preview:-1\" \/>\n<link rel=\"canonical\" href=\"https:\/\/internationalweddinginstitute.com\/formation\/mon-compte\/\" \/>\n<meta property=\"og:locale\" content=\"fr_FR\" \/>\n<meta property=\"og:type\" content=\"article\" \/>\n<meta property=\"og:title\" content=\"Mon compte\" \/>\n<meta property=\"og:description\" content=\"Acc\u00e9der \u00e0 ma formation &gt;&gt; Tableau de bord Commande T\u00e9l\u00e9chargements Adresses Moyens de paiement D\u00e9tails du compte D\u00e9connexion Bonjour Anne-Marie MECHERI (vous n\u2019\u00eates pas Anne-Marie MECHERI\u00a0? D\u00e9connexion) \u00c0 partir du tableau de bord de votre compte, vous pouvez visualiser vos commandes r\u00e9centes, g\u00e9rer vos adresses de livraison et de facturation ainsi que changer votre mot [&hellip;]\" \/>\n<meta property=\"og:url\" content=\"https:\/\/internationalweddinginstitute.com\/formation\/mon-compte\/\" \/>\n<meta property=\"og:site_name\" content=\"IWI | Programme WedSKILLS\" \/>\n<meta property=\"article:modified_time\" content=\"2024-01-30T16:37:37+00:00\" \/>\n<meta property=\"og:image\" content=\"https:\/\/internationalweddinginstitute.com\/formation\/wp-content\/uploads\/sites\/12\/2023\/03\/LogoWedSKILLS-sans-mono-grey-1024x228.png\" \/>\n<meta name=\"twitter:card\" content=\"summary_large_image\" \/>\n<meta name=\"twitter:label1\" content=\"Dur\u00e9e de lecture estim\u00e9e\" \/>\n\t<meta name=\"twitter:data1\" content=\"3 minutes\" \/>\n<script type=\"application\/ld+json\" class=\"yoast-schema-graph\">{\"@context\":\"https:\/\/schema.org\",\"@graph\":[{\"@type\":\"WebPage\",\"@id\":\"https:\/\/internationalweddinginstitute.com\/formation\/mon-compte\/\",\"url\":\"https:\/\/internationalweddinginstitute.com\/formation\/mon-compte\/\",\"name\":\"Mon compte - IWI | Programme WedSKILLS\",\"isPartOf\":{\"@id\":\"https:\/\/internationalweddinginstitute.com\/formation\/#website\"},\"primaryImageOfPage\":{\"@id\":\"https:\/\/internationalweddinginstitute.com\/formation\/mon-compte\/#primaryimage\"},\"image\":{\"@id\":\"https:\/\/internationalweddinginstitute.com\/formation\/mon-compte\/#primaryimage\"},\"thumbnailUrl\":\"https:\/\/internationalweddinginstitute.com\/formation\/wp-content\/uploads\/sites\/12\/2023\/03\/LogoWedSKILLS-sans-mono-grey-1024x228.png\",\"datePublished\":\"2021-04-20T17:46:28+00:00\",\"dateModified\":\"2024-01-30T16:37:37+00:00\",\"breadcrumb\":{\"@id\":\"https:\/\/internationalweddinginstitute.com\/formation\/mon-compte\/#breadcrumb\"},\"inLanguage\":\"fr-FR\",\"potentialAction\":[{\"@type\":\"ReadAction\",\"target\":[\"https:\/\/internationalweddinginstitute.com\/formation\/mon-compte\/\"]}]},{\"@type\":\"ImageObject\",\"inLanguage\":\"fr-FR\",\"@id\":\"https:\/\/internationalweddinginstitute.com\/formation\/mon-compte\/#primaryimage\",\"url\":\"https:\/\/internationalweddinginstitute.com\/formation\/wp-content\/uploads\/sites\/12\/2023\/03\/LogoWedSKILLS-sans-mono-grey.png\",\"contentUrl\":\"https:\/\/internationalweddinginstitute.com\/formation\/wp-content\/uploads\/sites\/12\/2023\/03\/LogoWedSKILLS-sans-mono-grey.png\",\"width\":1200,\"height\":267},{\"@type\":\"BreadcrumbList\",\"@id\":\"https:\/\/internationalweddinginstitute.com\/formation\/mon-compte\/#breadcrumb\",\"itemListElement\":[{\"@type\":\"ListItem\",\"position\":1,\"name\":\"Accueil\",\"item\":\"https:\/\/internationalweddinginstitute.com\/formation\/\"},{\"@type\":\"ListItem\",\"position\":2,\"name\":\"Mon compte\"}]},{\"@type\":\"WebSite\",\"@id\":\"https:\/\/internationalweddinginstitute.com\/formation\/#website\",\"url\":\"https:\/\/internationalweddinginstitute.com\/formation\/\",\"name\":\"IWI | Programme WedSKILLS\",\"description\":\"\",\"publisher\":{\"@id\":\"https:\/\/internationalweddinginstitute.com\/formation\/#organization\"},\"potentialAction\":[{\"@type\":\"SearchAction\",\"target\":{\"@type\":\"EntryPoint\",\"urlTemplate\":\"https:\/\/internationalweddinginstitute.com\/formation\/?s={search_term_string}\"},\"query-input\":{\"@type\":\"PropertyValueSpecification\",\"valueRequired\":true,\"valueName\":\"search_term_string\"}}],\"inLanguage\":\"fr-FR\"},{\"@type\":\"Organization\",\"@id\":\"https:\/\/internationalweddinginstitute.com\/formation\/#organization\",\"name\":\"WedSKILLS\",\"url\":\"https:\/\/internationalweddinginstitute.com\/formation\/\",\"logo\":{\"@type\":\"ImageObject\",\"inLanguage\":\"fr-FR\",\"@id\":\"https:\/\/internationalweddinginstitute.com\/formation\/#\/schema\/logo\/image\/\",\"url\":\"https:\/\/internationalweddinginstitute.com\/formation\/wp-content\/uploads\/sites\/12\/2021\/05\/logoIWI2022-white.png\",\"contentUrl\":\"https:\/\/internationalweddinginstitute.com\/formation\/wp-content\/uploads\/sites\/12\/2021\/05\/logoIWI2022-white.png\",\"width\":1000,\"height\":1000,\"caption\":\"WedSKILLS\"},\"image\":{\"@id\":\"https:\/\/internationalweddinginstitute.com\/formation\/#\/schema\/logo\/image\/\"}}]}<\/script>\n<!-- \/ Yoast SEO Premium plugin. -->","yoast_head_json":{"title":"Mon compte - IWI | Programme WedSKILLS","robots":{"index":"index","follow":"follow","max-snippet":"max-snippet:-1","max-image-preview":"max-image-preview:large","max-video-preview":"max-video-preview:-1"},"canonical":"https:\/\/internationalweddinginstitute.com\/formation\/mon-compte\/","og_locale":"fr_FR","og_type":"article","og_title":"Mon compte","og_description":"Acc\u00e9der \u00e0 ma formation >> Tableau de bord Commande T\u00e9l\u00e9chargements Adresses Moyens de paiement D\u00e9tails du compte D\u00e9connexion Bonjour Anne-Marie MECHERI (vous n\u2019\u00eates pas Anne-Marie MECHERI\u00a0? D\u00e9connexion) \u00c0 partir du tableau de bord de votre compte, vous pouvez visualiser vos commandes r\u00e9centes, g\u00e9rer vos adresses de livraison et de facturation ainsi que changer votre mot [&hellip;]","og_url":"https:\/\/internationalweddinginstitute.com\/formation\/mon-compte\/","og_site_name":"IWI | Programme WedSKILLS","article_modified_time":"2024-01-30T16:37:37+00:00","og_image":[{"url":"https:\/\/internationalweddinginstitute.com\/formation\/wp-content\/uploads\/sites\/12\/2023\/03\/LogoWedSKILLS-sans-mono-grey-1024x228.png"}],"twitter_card":"summary_large_image","twitter_misc":{"Dur\u00e9e de lecture estim\u00e9e":"3 minutes"},"schema":{"@context":"https:\/\/schema.org","@graph":[{"@type":"WebPage","@id":"https:\/\/internationalweddinginstitute.com\/formation\/mon-compte\/","url":"https:\/\/internationalweddinginstitute.com\/formation\/mon-compte\/","name":"Mon compte - IWI | Programme WedSKILLS","isPartOf":{"@id":"https:\/\/internationalweddinginstitute.com\/formation\/#website"},"primaryImageOfPage":{"@id":"https:\/\/internationalweddinginstitute.com\/formation\/mon-compte\/#primaryimage"},"image":{"@id":"https:\/\/internationalweddinginstitute.com\/formation\/mon-compte\/#primaryimage"},"thumbnailUrl":"https:\/\/internationalweddinginstitute.com\/formation\/wp-content\/uploads\/sites\/12\/2023\/03\/LogoWedSKILLS-sans-mono-grey-1024x228.png","datePublished":"2021-04-20T17:46:28+00:00","dateModified":"2024-01-30T16:37:37+00:00","breadcrumb":{"@id":"https:\/\/internationalweddinginstitute.com\/formation\/mon-compte\/#breadcrumb"},"inLanguage":"fr-FR","potentialAction":[{"@type":"ReadAction","target":["https:\/\/internationalweddinginstitute.com\/formation\/mon-compte\/"]}]},{"@type":"ImageObject","inLanguage":"fr-FR","@id":"https:\/\/internationalweddinginstitute.com\/formation\/mon-compte\/#primaryimage","url":"https:\/\/internationalweddinginstitute.com\/formation\/wp-content\/uploads\/sites\/12\/2023\/03\/LogoWedSKILLS-sans-mono-grey.png","contentUrl":"https:\/\/internationalweddinginstitute.com\/formation\/wp-content\/uploads\/sites\/12\/2023\/03\/LogoWedSKILLS-sans-mono-grey.png","width":1200,"height":267},{"@type":"BreadcrumbList","@id":"https:\/\/internationalweddinginstitute.com\/formation\/mon-compte\/#breadcrumb","itemListElement":[{"@type":"ListItem","position":1,"name":"Accueil","item":"https:\/\/internationalweddinginstitute.com\/formation\/"},{"@type":"ListItem","position":2,"name":"Mon compte"}]},{"@type":"WebSite","@id":"https:\/\/internationalweddinginstitute.com\/formation\/#website","url":"https:\/\/internationalweddinginstitute.com\/formation\/","name":"IWI | Programme WedSKILLS","description":"","publisher":{"@id":"https:\/\/internationalweddinginstitute.com\/formation\/#organization"},"potentialAction":[{"@type":"SearchAction","target":{"@type":"EntryPoint","urlTemplate":"https:\/\/internationalweddinginstitute.com\/formation\/?s={search_term_string}"},"query-input":{"@type":"PropertyValueSpecification","valueRequired":true,"valueName":"search_term_string"}}],"inLanguage":"fr-FR"},{"@type":"Organization","@id":"https:\/\/internationalweddinginstitute.com\/formation\/#organization","name":"WedSKILLS","url":"https:\/\/internationalweddinginstitute.com\/formation\/","logo":{"@type":"ImageObject","inLanguage":"fr-FR","@id":"https:\/\/internationalweddinginstitute.com\/formation\/#\/schema\/logo\/image\/","url":"https:\/\/internationalweddinginstitute.com\/formation\/wp-content\/uploads\/sites\/12\/2021\/05\/logoIWI2022-white.png","contentUrl":"https:\/\/internationalweddinginstitute.com\/formation\/wp-content\/uploads\/sites\/12\/2021\/05\/logoIWI2022-white.png","width":1000,"height":1000,"caption":"WedSKILLS"},"image":{"@id":"https:\/\/internationalweddinginstitute.com\/formation\/#\/schema\/logo\/image\/"}}]}},"_links":{"self":[{"href":"https:\/\/internationalweddinginstitute.com\/formation\/wp-json\/wp\/v2\/pages\/11"}],"collection":[{"href":"https:\/\/internationalweddinginstitute.com\/formation\/wp-json\/wp\/v2\/pages"}],"about":[{"href":"https:\/\/internationalweddinginstitute.com\/formation\/wp-json\/wp\/v2\/types\/page"}],"author":[{"embeddable":true,"href":"https:\/\/internationalweddinginstitute.com\/formation\/wp-json\/wp\/v2\/users\/1"}],"replies":[{"embeddable":true,"href":"https:\/\/internationalweddinginstitute.com\/formation\/wp-json\/wp\/v2\/comments?post=11"}],"version-history":[{"count":177,"href":"https:\/\/internationalweddinginstitute.com\/formation\/wp-json\/wp\/v2\/pages\/11\/revisions"}],"predecessor-version":[{"id":67335,"href":"https:\/\/internationalweddinginstitute.com\/formation\/wp-json\/wp\/v2\/pages\/11\/revisions\/67335"}],"wp:attachment":[{"href":"https:\/\/internationalweddinginstitute.com\/formation\/wp-json\/wp\/v2\/media?parent=11"}],"curies":[{"name":"wp","href":"https:\/\/api.w.org\/{rel}","templated":true}]}}