{"id":28728,"date":"2021-06-23T07:59:26","date_gmt":"2021-06-23T05:59:26","guid":{"rendered":"https:\/\/formation.internationalweddinginstitute.com\/?page_id=28728"},"modified":"2025-01-28T17:13:14","modified_gmt":"2025-01-28T16:13:14","slug":"mes-certifications","status":"publish","type":"page","link":"http:\/\/internationalweddinginstitute.com\/formation\/mes-certifications\/","title":{"rendered":"Mes certifications"},"content":{"rendered":"\t\t<div data-elementor-type=\"wp-page\" data-elementor-id=\"28728\" class=\"elementor elementor-28728\" data-elementor-post-type=\"page\">\n\t\t\t\t\t\t<section class=\"elementor-section elementor-top-section elementor-element elementor-element-e94d2cc elementor-section-boxed elementor-section-height-default elementor-section-height-default\" data-id=\"e94d2cc\" data-element_type=\"section\">\n\t\t\t\t\t\t<div class=\"elementor-container elementor-column-gap-default\">\n\t\t\t\t\t<div class=\"elementor-column elementor-col-100 elementor-top-column elementor-element elementor-element-adb7b5d\" data-id=\"adb7b5d\" data-element_type=\"column\">\n\t\t\t<div class=\"elementor-widget-wrap elementor-element-populated\">\n\t\t\t\t\t\t<div class=\"elementor-element elementor-element-517176b elementor-widget elementor-widget-spacer\" data-id=\"517176b\" data-element_type=\"widget\" data-widget_type=\"spacer.default\">\n\t\t\t\t<div class=\"elementor-widget-container\">\n\t\t\t\t\t<div class=\"elementor-spacer\">\n\t\t\t<div class=\"elementor-spacer-inner\"><\/div>\n\t\t<\/div>\n\t\t\t\t<\/div>\n\t\t\t\t<\/div>\n\t\t\t\t\t<\/div>\n\t\t<\/div>\n\t\t\t\t\t<\/div>\n\t\t<\/section>\n\t\t\t\t<section class=\"elementor-section elementor-top-section elementor-element elementor-element-b03676e elementor-section-boxed elementor-section-height-default elementor-section-height-default\" data-id=\"b03676e\" data-element_type=\"section\" data-settings=\"{&quot;background_background&quot;:&quot;gradient&quot;,&quot;shape_divider_top&quot;:&quot;opacity-tilt&quot;}\">\n\t\t\t\t\t<div class=\"elementor-shape elementor-shape-top\" data-negative=\"false\">\n\t\t\t<svg xmlns=\"http:\/\/www.w3.org\/2000\/svg\" viewBox=\"0 0 2600 131.1\" preserveAspectRatio=\"none\">\n\t<path class=\"elementor-shape-fill\" d=\"M0 0L2600 0 2600 69.1 0 0z\"\/>\n\t<path class=\"elementor-shape-fill\" style=\"opacity:0.5\" d=\"M0 0L2600 0 2600 69.1 0 69.1z\"\/>\n\t<path class=\"elementor-shape-fill\" style=\"opacity:0.25\" d=\"M2600 0L0 0 0 130.1 2600 69.1z\"\/>\n<\/svg>\t\t<\/div>\n\t\t\t\t\t<div class=\"elementor-container elementor-column-gap-default\">\n\t\t\t\t\t<div class=\"elementor-column elementor-col-100 elementor-top-column elementor-element elementor-element-6f06678\" data-id=\"6f06678\" data-element_type=\"column\">\n\t\t\t<div class=\"elementor-widget-wrap elementor-element-populated\">\n\t\t\t\t\t\t<div class=\"elementor-element elementor-element-416e9d0 elementor-widget elementor-widget-spacer\" data-id=\"416e9d0\" data-element_type=\"widget\" data-widget_type=\"spacer.default\">\n\t\t\t\t<div class=\"elementor-widget-container\">\n\t\t\t\t\t<div class=\"elementor-spacer\">\n\t\t\t<div class=\"elementor-spacer-inner\"><\/div>\n\t\t<\/div>\n\t\t\t\t<\/div>\n\t\t\t\t<\/div>\n\t\t\t\t<div class=\"elementor-element elementor-element-48e0cd9 elementor-widget elementor-widget-spacer\" data-id=\"48e0cd9\" data-element_type=\"widget\" data-widget_type=\"spacer.default\">\n\t\t\t\t<div class=\"elementor-widget-container\">\n\t\t\t\t\t<div class=\"elementor-spacer\">\n\t\t\t<div class=\"elementor-spacer-inner\"><\/div>\n\t\t<\/div>\n\t\t\t\t<\/div>\n\t\t\t\t<\/div>\n\t\t\t\t<section class=\"elementor-section elementor-inner-section elementor-element elementor-element-01abf94 elementor-section-boxed elementor-section-height-default elementor-section-height-default\" data-id=\"01abf94\" data-element_type=\"section\" data-settings=\"{&quot;background_background&quot;:&quot;classic&quot;}\">\n\t\t\t\t\t\t<div class=\"elementor-container elementor-column-gap-default\">\n\t\t\t\t\t<div class=\"elementor-column elementor-col-50 elementor-inner-column elementor-element elementor-element-c758471\" data-id=\"c758471\" data-element_type=\"column\">\n\t\t\t<div class=\"elementor-widget-wrap elementor-element-populated\">\n\t\t\t\t\t\t<div class=\"elementor-element elementor-element-308eb46 elementor-widget__width-initial elementor-widget elementor-widget-image\" data-id=\"308eb46\" data-element_type=\"widget\" data-widget_type=\"image.default\">\n\t\t\t\t<div class=\"elementor-widget-container\">\n\t\t\t\t\t\t\t\t\t\t\t\t\t<img decoding=\"async\" src=\"http:\/\/internationalweddinginstitute.com\/formation\/wp-content\/uploads\/sites\/12\/elementor\/thumbs\/Pinterest-pins-certificat-brochure-mockup-formation-qlj2n3mrqevpe3uee4x7t135tbzk60n2d895igvjao.jpg\" title=\"Pinterest &#8211; pins &#8211; certificat &#8211; brochure &#8211; mockup formation\" alt=\"Pinterest - pins - certificat - brochure - mockup formation\" loading=\"lazy\" \/>\t\t\t\t\t\t\t\t\t\t\t\t\t<\/div>\n\t\t\t\t<\/div>\n\t\t\t\t\t<\/div>\n\t\t<\/div>\n\t\t\t\t<div class=\"elementor-column elementor-col-50 elementor-inner-column elementor-element elementor-element-f9b0c2b\" data-id=\"f9b0c2b\" data-element_type=\"column\">\n\t\t\t<div class=\"elementor-widget-wrap elementor-element-populated\">\n\t\t\t\t\t\t<div class=\"elementor-element elementor-element-0aa1f4a elementor-widget elementor-widget-heading\" data-id=\"0aa1f4a\" data-element_type=\"widget\" data-widget_type=\"heading.default\">\n\t\t\t\t<div class=\"elementor-widget-container\">\n\t\t\t<h2 class=\"elementor-heading-title elementor-size-default\">Mes certificats<\/h2>\t\t<\/div>\n\t\t\t\t<\/div>\n\t\t\t\t<div class=\"elementor-element elementor-element-e1b9000 elementor-widget elementor-widget-spacer\" data-id=\"e1b9000\" data-element_type=\"widget\" data-widget_type=\"spacer.default\">\n\t\t\t\t<div class=\"elementor-widget-container\">\n\t\t\t\t\t<div class=\"elementor-spacer\">\n\t\t\t<div class=\"elementor-spacer-inner\"><\/div>\n\t\t<\/div>\n\t\t\t\t<\/div>\n\t\t\t\t<\/div>\n\t\t\t\t<div class=\"elementor-element elementor-element-85dcbc2 elementor-widget elementor-widget-shortcode\" data-id=\"85dcbc2\" data-element_type=\"widget\" data-widget_type=\"shortcode.default\">\n\t\t\t\t<div class=\"elementor-widget-container\">\n\t\t\t\t\t<div class=\"elementor-shortcode\"><\/div>\n\t\t\t\t<\/div>\n\t\t\t\t<\/div>\n\t\t\t\t<div class=\"elementor-element elementor-element-ea70a96 elementor-widget elementor-widget-spacer\" data-id=\"ea70a96\" data-element_type=\"widget\" data-widget_type=\"spacer.default\">\n\t\t\t\t<div class=\"elementor-widget-container\">\n\t\t\t\t\t<div class=\"elementor-spacer\">\n\t\t\t<div class=\"elementor-spacer-inner\"><\/div>\n\t\t<\/div>\n\t\t\t\t<\/div>\n\t\t\t\t<\/div>\n\t\t\t\t<div class=\"elementor-element elementor-element-bdced9e elementor-widget elementor-widget-heading\" data-id=\"bdced9e\" data-element_type=\"widget\" data-widget_type=\"heading.default\">\n\t\t\t\t<div class=\"elementor-widget-container\">\n\t\t\t<p class=\"elementor-heading-title elementor-size-default\">Cliquez sur l'intitul\u00e9 du certificat pour le t\u00e9l\u00e9charger<\/p>\t\t<\/div>\n\t\t\t\t<\/div>\n\t\t\t\t\t<\/div>\n\t\t<\/div>\n\t\t\t\t\t<\/div>\n\t\t<\/section>\n\t\t\t\t<div class=\"elementor-element elementor-element-e186c35 elementor-widget elementor-widget-spacer\" data-id=\"e186c35\" data-element_type=\"widget\" data-widget_type=\"spacer.default\">\n\t\t\t\t<div class=\"elementor-widget-container\">\n\t\t\t\t\t<div class=\"elementor-spacer\">\n\t\t\t<div class=\"elementor-spacer-inner\"><\/div>\n\t\t<\/div>\n\t\t\t\t<\/div>\n\t\t\t\t<\/div>\n\t\t\t\t<div class=\"elementor-element elementor-element-9dbaa13 elementor-widget elementor-widget-spacer\" data-id=\"9dbaa13\" data-element_type=\"widget\" data-widget_type=\"spacer.default\">\n\t\t\t\t<div class=\"elementor-widget-container\">\n\t\t\t\t\t<div class=\"elementor-spacer\">\n\t\t\t<div class=\"elementor-spacer-inner\"><\/div>\n\t\t<\/div>\n\t\t\t\t<\/div>\n\t\t\t\t<\/div>\n\t\t\t\t\t<\/div>\n\t\t<\/div>\n\t\t\t\t\t<\/div>\n\t\t<\/section>\n\t\t\t\t<\/div>\n\t\t","protected":false},"excerpt":{"rendered":"<p>Mes certificats Cliquez sur l&#8217;intitul\u00e9 du certificat pour le t\u00e9l\u00e9charger<\/p>\n","protected":false},"author":1,"featured_media":0,"parent":0,"menu_order":0,"comment_status":"closed","ping_status":"closed","template":"","meta":{"_bbp_topic_count":0,"_bbp_reply_count":0,"_bbp_total_topic_count":0,"_bbp_total_reply_count":0,"_bbp_voice_count":0,"_bbp_anonymous_reply_count":0,"_bbp_topic_count_hidden":0,"_bbp_reply_count_hidden":0,"_bbp_forum_subforum_count":0,"site-sidebar-layout":"no-sidebar","site-content-layout":"page-builder","ast-site-content-layout":"","site-content-style":"default","site-sidebar-style":"default","ast-global-header-display":"","ast-banner-title-visibility":"","ast-main-header-display":"","ast-hfb-above-header-display":"","ast-hfb-below-header-display":"","ast-hfb-mobile-header-display":"","site-post-title":"disabled","ast-breadcrumbs-content":"","ast-featured-img":"disabled","footer-sml-layout":"","theme-transparent-header-meta":"default","adv-header-id-meta":"","stick-header-meta":"","header-above-stick-meta":"","header-main-stick-meta":"","header-below-stick-meta":"","astra-migrate-meta-layouts":"default","ast-page-background-enabled":"default","ast-page-background-meta":{"desktop":{"background-color":"","background-image":"","background-repeat":"repeat","background-position":"center center","background-size":"auto","background-attachment":"scroll","background-type":"","background-media":"","overlay-type":"","overlay-color":"","overlay-opacity":"","overlay-gradient":""},"tablet":{"background-color":"","background-image":"","background-repeat":"repeat","background-position":"center center","background-size":"auto","background-attachment":"scroll","background-type":"","background-media":"","overlay-type":"","overlay-color":"","overlay-opacity":"","overlay-gradient":""},"mobile":{"background-color":"","background-image":"","background-repeat":"repeat","background-position":"center center","background-size":"auto","background-attachment":"scroll","background-type":"","background-media":"","overlay-type":"","overlay-color":"","overlay-opacity":"","overlay-gradient":""}},"ast-content-background-meta":{"desktop":{"background-color":"var(--ast-global-color-5)","background-image":"","background-repeat":"repeat","background-position":"center center","background-size":"auto","background-attachment":"scroll","background-type":"","background-media":"","overlay-type":"","overlay-color":"","overlay-opacity":"","overlay-gradient":""},"tablet":{"background-color":"var(--ast-global-color-5)","background-image":"","background-repeat":"repeat","background-position":"center center","background-size":"auto","background-attachment":"scroll","background-type":"","background-media":"","overlay-type":"","overlay-color":"","overlay-opacity":"","overlay-gradient":""},"mobile":{"background-color":"var(--ast-global-color-5)","background-image":"","background-repeat":"repeat","background-position":"center center","background-size":"auto","background-attachment":"scroll","background-type":"","background-media":"","overlay-type":"","overlay-color":"","overlay-opacity":"","overlay-gradient":""}},"footnotes":""},"yoast_head":"<!-- This site is optimized with the Yoast SEO Premium plugin v21.7 (Yoast SEO v23.9) - https:\/\/yoast.com\/wordpress\/plugins\/seo\/ -->\n<title>Mes certifications - IWI | Programme WedSKILLS<\/title>\n<meta name=\"robots\" content=\"noindex, follow\" \/>\n<meta property=\"og:locale\" content=\"fr_FR\" \/>\n<meta property=\"og:type\" content=\"article\" \/>\n<meta property=\"og:title\" content=\"Mes certifications\" \/>\n<meta property=\"og:description\" content=\"Mes certificats Cliquez sur l&#8217;intitul\u00e9 du certificat pour le t\u00e9l\u00e9charger\" \/>\n<meta property=\"og:url\" content=\"http:\/\/internationalweddinginstitute.com\/formation\/mes-certifications\/\" \/>\n<meta property=\"og:site_name\" content=\"IWI | Programme WedSKILLS\" \/>\n<meta property=\"article:modified_time\" content=\"2025-01-28T16:13:14+00:00\" \/>\n<meta property=\"og:image\" content=\"http:\/\/internationalweddinginstitute.com\/formation\/wp-content\/uploads\/sites\/12\/elementor\/thumbs\/Pinterest-pins-certificat-brochure-mockup-formation-qlj2n3mrqevpe3uee4x7t135tbzk60n2d895igvjao.jpg\" \/>\n<meta name=\"twitter:card\" content=\"summary_large_image\" \/>\n<meta name=\"twitter:label1\" content=\"Dur\u00e9e de lecture estim\u00e9e\" \/>\n\t<meta name=\"twitter:data1\" content=\"1 minute\" \/>\n<script type=\"application\/ld+json\" class=\"yoast-schema-graph\">{\"@context\":\"https:\/\/schema.org\",\"@graph\":[{\"@type\":\"WebPage\",\"@id\":\"http:\/\/internationalweddinginstitute.com\/formation\/mes-certifications\/\",\"url\":\"http:\/\/internationalweddinginstitute.com\/formation\/mes-certifications\/\",\"name\":\"Mes certifications - IWI | Programme WedSKILLS\",\"isPartOf\":{\"@id\":\"https:\/\/internationalweddinginstitute.com\/formation\/#website\"},\"primaryImageOfPage\":{\"@id\":\"http:\/\/internationalweddinginstitute.com\/formation\/mes-certifications\/#primaryimage\"},\"image\":{\"@id\":\"http:\/\/internationalweddinginstitute.com\/formation\/mes-certifications\/#primaryimage\"},\"thumbnailUrl\":\"http:\/\/internationalweddinginstitute.com\/formation\/wp-content\/uploads\/sites\/12\/elementor\/thumbs\/Pinterest-pins-certificat-brochure-mockup-formation-qlj2n3mrqevpe3uee4x7t135tbzk60n2d895igvjao.jpg\",\"datePublished\":\"2021-06-23T05:59:26+00:00\",\"dateModified\":\"2025-01-28T16:13:14+00:00\",\"breadcrumb\":{\"@id\":\"http:\/\/internationalweddinginstitute.com\/formation\/mes-certifications\/#breadcrumb\"},\"inLanguage\":\"fr-FR\",\"potentialAction\":[{\"@type\":\"ReadAction\",\"target\":[\"http:\/\/internationalweddinginstitute.com\/formation\/mes-certifications\/\"]}]},{\"@type\":\"ImageObject\",\"inLanguage\":\"fr-FR\",\"@id\":\"http:\/\/internationalweddinginstitute.com\/formation\/mes-certifications\/#primaryimage\",\"url\":\"http:\/\/internationalweddinginstitute.com\/formation\/wp-content\/uploads\/sites\/12\/elementor\/thumbs\/Pinterest-pins-certificat-brochure-mockup-formation-qlj2n3mrqevpe3uee4x7t135tbzk60n2d895igvjao.jpg\",\"contentUrl\":\"http:\/\/internationalweddinginstitute.com\/formation\/wp-content\/uploads\/sites\/12\/elementor\/thumbs\/Pinterest-pins-certificat-brochure-mockup-formation-qlj2n3mrqevpe3uee4x7t135tbzk60n2d895igvjao.jpg\"},{\"@type\":\"BreadcrumbList\",\"@id\":\"http:\/\/internationalweddinginstitute.com\/formation\/mes-certifications\/#breadcrumb\",\"itemListElement\":[{\"@type\":\"ListItem\",\"position\":1,\"name\":\"Accueil\",\"item\":\"https:\/\/internationalweddinginstitute.com\/formation\/\"},{\"@type\":\"ListItem\",\"position\":2,\"name\":\"Mes certifications\"}]},{\"@type\":\"WebSite\",\"@id\":\"https:\/\/internationalweddinginstitute.com\/formation\/#website\",\"url\":\"https:\/\/internationalweddinginstitute.com\/formation\/\",\"name\":\"IWI | Programme WedSKILLS\",\"description\":\"\",\"publisher\":{\"@id\":\"https:\/\/internationalweddinginstitute.com\/formation\/#organization\"},\"potentialAction\":[{\"@type\":\"SearchAction\",\"target\":{\"@type\":\"EntryPoint\",\"urlTemplate\":\"https:\/\/internationalweddinginstitute.com\/formation\/?s={search_term_string}\"},\"query-input\":{\"@type\":\"PropertyValueSpecification\",\"valueRequired\":true,\"valueName\":\"search_term_string\"}}],\"inLanguage\":\"fr-FR\"},{\"@type\":\"Organization\",\"@id\":\"https:\/\/internationalweddinginstitute.com\/formation\/#organization\",\"name\":\"WedSKILLS\",\"url\":\"https:\/\/internationalweddinginstitute.com\/formation\/\",\"logo\":{\"@type\":\"ImageObject\",\"inLanguage\":\"fr-FR\",\"@id\":\"https:\/\/internationalweddinginstitute.com\/formation\/#\/schema\/logo\/image\/\",\"url\":\"http:\/\/internationalweddinginstitute.com\/formation\/wp-content\/uploads\/sites\/12\/2021\/05\/logoIWI2022-white.png\",\"contentUrl\":\"http:\/\/internationalweddinginstitute.com\/formation\/wp-content\/uploads\/sites\/12\/2021\/05\/logoIWI2022-white.png\",\"width\":1000,\"height\":1000,\"caption\":\"WedSKILLS\"},\"image\":{\"@id\":\"https:\/\/internationalweddinginstitute.com\/formation\/#\/schema\/logo\/image\/\"}}]}<\/script>\n<!-- \/ Yoast SEO Premium plugin. -->","yoast_head_json":{"title":"Mes certifications - IWI | Programme WedSKILLS","robots":{"index":"noindex","follow":"follow"},"og_locale":"fr_FR","og_type":"article","og_title":"Mes certifications","og_description":"Mes certificats Cliquez sur l&#8217;intitul\u00e9 du certificat pour le t\u00e9l\u00e9charger","og_url":"http:\/\/internationalweddinginstitute.com\/formation\/mes-certifications\/","og_site_name":"IWI | Programme WedSKILLS","article_modified_time":"2025-01-28T16:13:14+00:00","og_image":[{"url":"http:\/\/internationalweddinginstitute.com\/formation\/wp-content\/uploads\/sites\/12\/elementor\/thumbs\/Pinterest-pins-certificat-brochure-mockup-formation-qlj2n3mrqevpe3uee4x7t135tbzk60n2d895igvjao.jpg"}],"twitter_card":"summary_large_image","twitter_misc":{"Dur\u00e9e de lecture estim\u00e9e":"1 minute"},"schema":{"@context":"https:\/\/schema.org","@graph":[{"@type":"WebPage","@id":"http:\/\/internationalweddinginstitute.com\/formation\/mes-certifications\/","url":"http:\/\/internationalweddinginstitute.com\/formation\/mes-certifications\/","name":"Mes certifications - IWI | Programme WedSKILLS","isPartOf":{"@id":"https:\/\/internationalweddinginstitute.com\/formation\/#website"},"primaryImageOfPage":{"@id":"http:\/\/internationalweddinginstitute.com\/formation\/mes-certifications\/#primaryimage"},"image":{"@id":"http:\/\/internationalweddinginstitute.com\/formation\/mes-certifications\/#primaryimage"},"thumbnailUrl":"http:\/\/internationalweddinginstitute.com\/formation\/wp-content\/uploads\/sites\/12\/elementor\/thumbs\/Pinterest-pins-certificat-brochure-mockup-formation-qlj2n3mrqevpe3uee4x7t135tbzk60n2d895igvjao.jpg","datePublished":"2021-06-23T05:59:26+00:00","dateModified":"2025-01-28T16:13:14+00:00","breadcrumb":{"@id":"http:\/\/internationalweddinginstitute.com\/formation\/mes-certifications\/#breadcrumb"},"inLanguage":"fr-FR","potentialAction":[{"@type":"ReadAction","target":["http:\/\/internationalweddinginstitute.com\/formation\/mes-certifications\/"]}]},{"@type":"ImageObject","inLanguage":"fr-FR","@id":"http:\/\/internationalweddinginstitute.com\/formation\/mes-certifications\/#primaryimage","url":"http:\/\/internationalweddinginstitute.com\/formation\/wp-content\/uploads\/sites\/12\/elementor\/thumbs\/Pinterest-pins-certificat-brochure-mockup-formation-qlj2n3mrqevpe3uee4x7t135tbzk60n2d895igvjao.jpg","contentUrl":"http:\/\/internationalweddinginstitute.com\/formation\/wp-content\/uploads\/sites\/12\/elementor\/thumbs\/Pinterest-pins-certificat-brochure-mockup-formation-qlj2n3mrqevpe3uee4x7t135tbzk60n2d895igvjao.jpg"},{"@type":"BreadcrumbList","@id":"http:\/\/internationalweddinginstitute.com\/formation\/mes-certifications\/#breadcrumb","itemListElement":[{"@type":"ListItem","position":1,"name":"Accueil","item":"https:\/\/internationalweddinginstitute.com\/formation\/"},{"@type":"ListItem","position":2,"name":"Mes certifications"}]},{"@type":"WebSite","@id":"https:\/\/internationalweddinginstitute.com\/formation\/#website","url":"https:\/\/internationalweddinginstitute.com\/formation\/","name":"IWI | Programme WedSKILLS","description":"","publisher":{"@id":"https:\/\/internationalweddinginstitute.com\/formation\/#organization"},"potentialAction":[{"@type":"SearchAction","target":{"@type":"EntryPoint","urlTemplate":"https:\/\/internationalweddinginstitute.com\/formation\/?s={search_term_string}"},"query-input":{"@type":"PropertyValueSpecification","valueRequired":true,"valueName":"search_term_string"}}],"inLanguage":"fr-FR"},{"@type":"Organization","@id":"https:\/\/internationalweddinginstitute.com\/formation\/#organization","name":"WedSKILLS","url":"https:\/\/internationalweddinginstitute.com\/formation\/","logo":{"@type":"ImageObject","inLanguage":"fr-FR","@id":"https:\/\/internationalweddinginstitute.com\/formation\/#\/schema\/logo\/image\/","url":"http:\/\/internationalweddinginstitute.com\/formation\/wp-content\/uploads\/sites\/12\/2021\/05\/logoIWI2022-white.png","contentUrl":"http:\/\/internationalweddinginstitute.com\/formation\/wp-content\/uploads\/sites\/12\/2021\/05\/logoIWI2022-white.png","width":1000,"height":1000,"caption":"WedSKILLS"},"image":{"@id":"https:\/\/internationalweddinginstitute.com\/formation\/#\/schema\/logo\/image\/"}}]}},"_links":{"self":[{"href":"http:\/\/internationalweddinginstitute.com\/formation\/wp-json\/wp\/v2\/pages\/28728"}],"collection":[{"href":"http:\/\/internationalweddinginstitute.com\/formation\/wp-json\/wp\/v2\/pages"}],"about":[{"href":"http:\/\/internationalweddinginstitute.com\/formation\/wp-json\/wp\/v2\/types\/page"}],"author":[{"embeddable":true,"href":"http:\/\/internationalweddinginstitute.com\/formation\/wp-json\/wp\/v2\/users\/1"}],"replies":[{"embeddable":true,"href":"http:\/\/internationalweddinginstitute.com\/formation\/wp-json\/wp\/v2\/comments?post=28728"}],"version-history":[{"count":139,"href":"http:\/\/internationalweddinginstitute.com\/formation\/wp-json\/wp\/v2\/pages\/28728\/revisions"}],"predecessor-version":[{"id":71451,"href":"http:\/\/internationalweddinginstitute.com\/formation\/wp-json\/wp\/v2\/pages\/28728\/revisions\/71451"}],"wp:attachment":[{"href":"http:\/\/internationalweddinginstitute.com\/formation\/wp-json\/wp\/v2\/media?parent=28728"}],"curies":[{"name":"wp","href":"https:\/\/api.w.org\/{rel}","templated":true}]}}