{"id":28718,"date":"2021-06-23T07:32:08","date_gmt":"2021-06-23T05:32:08","guid":{"rendered":"https:\/\/formation.internationalweddinginstitute.com\/?page_id=28718"},"modified":"2023-10-23T21:40:46","modified_gmt":"2023-10-23T19:40:46","slug":"tous-les-niveaux","status":"publish","type":"page","link":"http:\/\/internationalweddinginstitute.com\/formation\/tous-les-niveaux\/","title":{"rendered":"Tous les niveaux"},"content":{"rendered":"\t\t<div data-elementor-type=\"wp-page\" data-elementor-id=\"28718\" class=\"elementor elementor-28718\" data-elementor-post-type=\"page\">\n\t\t\t\t\t\t<section class=\"elementor-section elementor-top-section elementor-element elementor-element-7007e5d elementor-section-full_width elementor-section-height-default elementor-section-height-default\" data-id=\"7007e5d\" data-element_type=\"section\" data-settings=\"{&quot;background_background&quot;:&quot;classic&quot;}\">\n\t\t\t\t\t\t<div class=\"elementor-container elementor-column-gap-default\">\n\t\t\t\t\t<div class=\"elementor-column elementor-col-33 elementor-top-column elementor-element elementor-element-4eecb1e\" data-id=\"4eecb1e\" data-element_type=\"column\">\n\t\t\t<div class=\"elementor-widget-wrap\">\n\t\t\t\t\t\t\t<\/div>\n\t\t<\/div>\n\t\t\t\t<div class=\"elementor-column elementor-col-33 elementor-top-column elementor-element elementor-element-f6265f9\" data-id=\"f6265f9\" data-element_type=\"column\" data-settings=\"{&quot;background_background&quot;:&quot;classic&quot;}\">\n\t\t\t<div class=\"elementor-widget-wrap elementor-element-populated\">\n\t\t\t\t\t\t<div class=\"elementor-element elementor-element-3616286 elementor-widget elementor-widget-spacer\" data-id=\"3616286\" data-element_type=\"widget\" data-widget_type=\"spacer.default\">\n\t\t\t\t<div class=\"elementor-widget-container\">\n\t\t\t\t\t<div class=\"elementor-spacer\">\n\t\t\t<div class=\"elementor-spacer-inner\"><\/div>\n\t\t<\/div>\n\t\t\t\t<\/div>\n\t\t\t\t<\/div>\n\t\t\t\t<div class=\"elementor-element elementor-element-cadf63e elementor-widget__width-auto elementor-widget elementor-widget-shortcode\" data-id=\"cadf63e\" data-element_type=\"widget\" data-widget_type=\"shortcode.default\">\n\t\t\t\t<div class=\"elementor-widget-container\">\n\t\t\t\t\t<div class=\"elementor-shortcode\"><\/div>\n\t\t\t\t<\/div>\n\t\t\t\t<\/div>\n\t\t\t\t<div class=\"elementor-element elementor-element-efd9d4a elementor-widget elementor-widget-spacer\" data-id=\"efd9d4a\" data-element_type=\"widget\" data-widget_type=\"spacer.default\">\n\t\t\t\t<div class=\"elementor-widget-container\">\n\t\t\t\t\t<div class=\"elementor-spacer\">\n\t\t\t<div class=\"elementor-spacer-inner\"><\/div>\n\t\t<\/div>\n\t\t\t\t<\/div>\n\t\t\t\t<\/div>\n\t\t\t\t\t<\/div>\n\t\t<\/div>\n\t\t\t\t<div class=\"elementor-column elementor-col-33 elementor-top-column elementor-element elementor-element-44180ff\" data-id=\"44180ff\" data-element_type=\"column\">\n\t\t\t<div class=\"elementor-widget-wrap\">\n\t\t\t\t\t\t\t<\/div>\n\t\t<\/div>\n\t\t\t\t\t<\/div>\n\t\t<\/section>\n\t\t\t\t<section class=\"elementor-section elementor-top-section elementor-element elementor-element-0bf79bd elementor-section-height-min-height elementor-section-boxed elementor-section-height-default elementor-section-items-middle\" data-id=\"0bf79bd\" data-element_type=\"section\" data-settings=\"{&quot;background_background&quot;:&quot;classic&quot;}\">\n\t\t\t\t\t\t<div class=\"elementor-container elementor-column-gap-wider\">\n\t\t\t\t\t<div class=\"elementor-column elementor-col-100 elementor-top-column elementor-element elementor-element-72dbcfa\" data-id=\"72dbcfa\" data-element_type=\"column\" data-settings=\"{&quot;background_background&quot;:&quot;classic&quot;}\">\n\t\t\t<div class=\"elementor-widget-wrap elementor-element-populated\">\n\t\t\t\t\t\t<div class=\"elementor-element elementor-element-182cba2 elementor-widget elementor-widget-heading\" data-id=\"182cba2\" data-element_type=\"widget\" data-widget_type=\"heading.default\">\n\t\t\t\t<div class=\"elementor-widget-container\">\n\t\t\t<h3 class=\"elementor-heading-title elementor-size-default\">Formation(s) en cours<\/h3>\t\t<\/div>\n\t\t\t\t<\/div>\n\t\t\t\t<div class=\"elementor-element elementor-element-1c05751 elementor-widget elementor-widget-heading\" data-id=\"1c05751\" data-element_type=\"widget\" data-widget_type=\"heading.default\">\n\t\t\t\t<div class=\"elementor-widget-container\">\n\t\t\t<h3 class=\"elementor-heading-title elementor-size-default\"><span style=\"background-color: var( --e-global-color-primary );\">F<\/span>ormation(s) non d\u00e9marr\u00e9e(s)<\/h3>\t\t<\/div>\n\t\t\t\t<\/div>\n\t\t\t\t<div class=\"elementor-element elementor-element-f8d3466 elementor-widget elementor-widget-heading\" data-id=\"f8d3466\" data-element_type=\"widget\" data-widget_type=\"heading.default\">\n\t\t\t\t<div class=\"elementor-widget-container\">\n\t\t\t<h3 class=\"elementor-heading-title elementor-size-default\"><span style=\"background-color: var( --e-global-color-primary );\">F<\/span>ormation(s) termin\u00e9e(s)<\/h3>\t\t<\/div>\n\t\t\t\t<\/div>\n\t\t\t\t\t<\/div>\n\t\t<\/div>\n\t\t\t\t\t<\/div>\n\t\t<\/section>\n\t\t\t\t<\/div>\n\t\t","protected":false},"excerpt":{"rendered":"<p>Formation(s) en cours Formation(s) non d\u00e9marr\u00e9e(s) Formation(s) termin\u00e9e(s)<\/p>\n","protected":false},"author":1,"featured_media":0,"parent":0,"menu_order":0,"comment_status":"closed","ping_status":"closed","template":"elementor_header_footer","meta":{"_bbp_topic_count":0,"_bbp_reply_count":0,"_bbp_total_topic_count":0,"_bbp_total_reply_count":0,"_bbp_voice_count":0,"_bbp_anonymous_reply_count":0,"_bbp_topic_count_hidden":0,"_bbp_reply_count_hidden":0,"_bbp_forum_subforum_count":0,"site-sidebar-layout":"no-sidebar","site-content-layout":"page-builder","ast-site-content-layout":"","site-content-style":"default","site-sidebar-style":"default","ast-global-header-display":"","ast-banner-title-visibility":"","ast-main-header-display":"","ast-hfb-above-header-display":"","ast-hfb-below-header-display":"","ast-hfb-mobile-header-display":"","site-post-title":"disabled","ast-breadcrumbs-content":"","ast-featured-img":"disabled","footer-sml-layout":"","theme-transparent-header-meta":"default","adv-header-id-meta":"","stick-header-meta":"","header-above-stick-meta":"","header-main-stick-meta":"","header-below-stick-meta":"","astra-migrate-meta-layouts":"default","ast-page-background-enabled":"default","ast-page-background-meta":{"desktop":{"background-color":"","background-image":"","background-repeat":"repeat","background-position":"center center","background-size":"auto","background-attachment":"scroll","background-type":"","background-media":"","overlay-type":"","overlay-color":"","overlay-opacity":"","overlay-gradient":""},"tablet":{"background-color":"","background-image":"","background-repeat":"repeat","background-position":"center center","background-size":"auto","background-attachment":"scroll","background-type":"","background-media":"","overlay-type":"","overlay-color":"","overlay-opacity":"","overlay-gradient":""},"mobile":{"background-color":"","background-image":"","background-repeat":"repeat","background-position":"center center","background-size":"auto","background-attachment":"scroll","background-type":"","background-media":"","overlay-type":"","overlay-color":"","overlay-opacity":"","overlay-gradient":""}},"ast-content-background-meta":{"desktop":{"background-color":"var(--ast-global-color-5)","background-image":"","background-repeat":"repeat","background-position":"center center","background-size":"auto","background-attachment":"scroll","background-type":"","background-media":"","overlay-type":"","overlay-color":"","overlay-opacity":"","overlay-gradient":""},"tablet":{"background-color":"var(--ast-global-color-5)","background-image":"","background-repeat":"repeat","background-position":"center center","background-size":"auto","background-attachment":"scroll","background-type":"","background-media":"","overlay-type":"","overlay-color":"","overlay-opacity":"","overlay-gradient":""},"mobile":{"background-color":"var(--ast-global-color-5)","background-image":"","background-repeat":"repeat","background-position":"center center","background-size":"auto","background-attachment":"scroll","background-type":"","background-media":"","overlay-type":"","overlay-color":"","overlay-opacity":"","overlay-gradient":""}},"footnotes":""},"yoast_head":"<!-- This site is optimized with the Yoast SEO Premium plugin v21.7 (Yoast SEO v23.9) - https:\/\/yoast.com\/wordpress\/plugins\/seo\/ -->\n<title>Tous les niveaux - IWI | Programme WedSKILLS<\/title>\n<meta name=\"robots\" content=\"noindex, follow\" \/>\n<meta property=\"og:locale\" content=\"fr_FR\" \/>\n<meta property=\"og:type\" content=\"article\" \/>\n<meta property=\"og:title\" content=\"Tous les niveaux\" \/>\n<meta property=\"og:description\" content=\"Formation(s) en cours Formation(s) non d\u00e9marr\u00e9e(s) Formation(s) termin\u00e9e(s)\" \/>\n<meta property=\"og:url\" content=\"https:\/\/internationalweddinginstitute.com\/formation\/tous-les-niveaux\/\" \/>\n<meta property=\"og:site_name\" content=\"IWI | Programme WedSKILLS\" \/>\n<meta property=\"article:modified_time\" content=\"2023-10-23T19:40:46+00:00\" \/>\n<meta name=\"twitter:card\" content=\"summary_large_image\" \/>\n<meta name=\"twitter:label1\" content=\"Dur\u00e9e de lecture estim\u00e9e\" \/>\n\t<meta name=\"twitter:data1\" content=\"3 minutes\" \/>\n<script type=\"application\/ld+json\" class=\"yoast-schema-graph\">{\"@context\":\"https:\/\/schema.org\",\"@graph\":[{\"@type\":\"WebPage\",\"@id\":\"https:\/\/internationalweddinginstitute.com\/formation\/tous-les-niveaux\/\",\"url\":\"https:\/\/internationalweddinginstitute.com\/formation\/tous-les-niveaux\/\",\"name\":\"Tous les niveaux - IWI | Programme WedSKILLS\",\"isPartOf\":{\"@id\":\"http:\/\/internationalweddinginstitute.com\/formation\/#website\"},\"datePublished\":\"2021-06-23T05:32:08+00:00\",\"dateModified\":\"2023-10-23T19:40:46+00:00\",\"breadcrumb\":{\"@id\":\"https:\/\/internationalweddinginstitute.com\/formation\/tous-les-niveaux\/#breadcrumb\"},\"inLanguage\":\"fr-FR\",\"potentialAction\":[{\"@type\":\"ReadAction\",\"target\":[\"https:\/\/internationalweddinginstitute.com\/formation\/tous-les-niveaux\/\"]}]},{\"@type\":\"BreadcrumbList\",\"@id\":\"https:\/\/internationalweddinginstitute.com\/formation\/tous-les-niveaux\/#breadcrumb\",\"itemListElement\":[{\"@type\":\"ListItem\",\"position\":1,\"name\":\"Accueil\",\"item\":\"http:\/\/internationalweddinginstitute.com\/formation\/\"},{\"@type\":\"ListItem\",\"position\":2,\"name\":\"Tous les niveaux\"}]},{\"@type\":\"WebSite\",\"@id\":\"http:\/\/internationalweddinginstitute.com\/formation\/#website\",\"url\":\"http:\/\/internationalweddinginstitute.com\/formation\/\",\"name\":\"IWI | Programme WedSKILLS\",\"description\":\"\",\"publisher\":{\"@id\":\"http:\/\/internationalweddinginstitute.com\/formation\/#organization\"},\"potentialAction\":[{\"@type\":\"SearchAction\",\"target\":{\"@type\":\"EntryPoint\",\"urlTemplate\":\"http:\/\/internationalweddinginstitute.com\/formation\/?s={search_term_string}\"},\"query-input\":{\"@type\":\"PropertyValueSpecification\",\"valueRequired\":true,\"valueName\":\"search_term_string\"}}],\"inLanguage\":\"fr-FR\"},{\"@type\":\"Organization\",\"@id\":\"http:\/\/internationalweddinginstitute.com\/formation\/#organization\",\"name\":\"WedSKILLS\",\"url\":\"http:\/\/internationalweddinginstitute.com\/formation\/\",\"logo\":{\"@type\":\"ImageObject\",\"inLanguage\":\"fr-FR\",\"@id\":\"http:\/\/internationalweddinginstitute.com\/formation\/#\/schema\/logo\/image\/\",\"url\":\"http:\/\/internationalweddinginstitute.com\/formation\/wp-content\/uploads\/sites\/12\/2021\/05\/logoIWI2022-white.png\",\"contentUrl\":\"http:\/\/internationalweddinginstitute.com\/formation\/wp-content\/uploads\/sites\/12\/2021\/05\/logoIWI2022-white.png\",\"width\":1000,\"height\":1000,\"caption\":\"WedSKILLS\"},\"image\":{\"@id\":\"http:\/\/internationalweddinginstitute.com\/formation\/#\/schema\/logo\/image\/\"}}]}<\/script>\n<!-- \/ Yoast SEO Premium plugin. -->","yoast_head_json":{"title":"Tous les niveaux - IWI | Programme WedSKILLS","robots":{"index":"noindex","follow":"follow"},"og_locale":"fr_FR","og_type":"article","og_title":"Tous les niveaux","og_description":"Formation(s) en cours Formation(s) non d\u00e9marr\u00e9e(s) Formation(s) termin\u00e9e(s)","og_url":"https:\/\/internationalweddinginstitute.com\/formation\/tous-les-niveaux\/","og_site_name":"IWI | Programme WedSKILLS","article_modified_time":"2023-10-23T19:40:46+00:00","twitter_card":"summary_large_image","twitter_misc":{"Dur\u00e9e de lecture estim\u00e9e":"3 minutes"},"schema":{"@context":"https:\/\/schema.org","@graph":[{"@type":"WebPage","@id":"https:\/\/internationalweddinginstitute.com\/formation\/tous-les-niveaux\/","url":"https:\/\/internationalweddinginstitute.com\/formation\/tous-les-niveaux\/","name":"Tous les niveaux - IWI | Programme WedSKILLS","isPartOf":{"@id":"http:\/\/internationalweddinginstitute.com\/formation\/#website"},"datePublished":"2021-06-23T05:32:08+00:00","dateModified":"2023-10-23T19:40:46+00:00","breadcrumb":{"@id":"https:\/\/internationalweddinginstitute.com\/formation\/tous-les-niveaux\/#breadcrumb"},"inLanguage":"fr-FR","potentialAction":[{"@type":"ReadAction","target":["https:\/\/internationalweddinginstitute.com\/formation\/tous-les-niveaux\/"]}]},{"@type":"BreadcrumbList","@id":"https:\/\/internationalweddinginstitute.com\/formation\/tous-les-niveaux\/#breadcrumb","itemListElement":[{"@type":"ListItem","position":1,"name":"Accueil","item":"http:\/\/internationalweddinginstitute.com\/formation\/"},{"@type":"ListItem","position":2,"name":"Tous les niveaux"}]},{"@type":"WebSite","@id":"http:\/\/internationalweddinginstitute.com\/formation\/#website","url":"http:\/\/internationalweddinginstitute.com\/formation\/","name":"IWI | Programme WedSKILLS","description":"","publisher":{"@id":"http:\/\/internationalweddinginstitute.com\/formation\/#organization"},"potentialAction":[{"@type":"SearchAction","target":{"@type":"EntryPoint","urlTemplate":"http:\/\/internationalweddinginstitute.com\/formation\/?s={search_term_string}"},"query-input":{"@type":"PropertyValueSpecification","valueRequired":true,"valueName":"search_term_string"}}],"inLanguage":"fr-FR"},{"@type":"Organization","@id":"http:\/\/internationalweddinginstitute.com\/formation\/#organization","name":"WedSKILLS","url":"http:\/\/internationalweddinginstitute.com\/formation\/","logo":{"@type":"ImageObject","inLanguage":"fr-FR","@id":"http:\/\/internationalweddinginstitute.com\/formation\/#\/schema\/logo\/image\/","url":"http:\/\/internationalweddinginstitute.com\/formation\/wp-content\/uploads\/sites\/12\/2021\/05\/logoIWI2022-white.png","contentUrl":"http:\/\/internationalweddinginstitute.com\/formation\/wp-content\/uploads\/sites\/12\/2021\/05\/logoIWI2022-white.png","width":1000,"height":1000,"caption":"WedSKILLS"},"image":{"@id":"http:\/\/internationalweddinginstitute.com\/formation\/#\/schema\/logo\/image\/"}}]}},"_links":{"self":[{"href":"http:\/\/internationalweddinginstitute.com\/formation\/wp-json\/wp\/v2\/pages\/28718"}],"collection":[{"href":"http:\/\/internationalweddinginstitute.com\/formation\/wp-json\/wp\/v2\/pages"}],"about":[{"href":"http:\/\/internationalweddinginstitute.com\/formation\/wp-json\/wp\/v2\/types\/page"}],"author":[{"embeddable":true,"href":"http:\/\/internationalweddinginstitute.com\/formation\/wp-json\/wp\/v2\/users\/1"}],"replies":[{"embeddable":true,"href":"http:\/\/internationalweddinginstitute.com\/formation\/wp-json\/wp\/v2\/comments?post=28718"}],"version-history":[{"count":181,"href":"http:\/\/internationalweddinginstitute.com\/formation\/wp-json\/wp\/v2\/pages\/28718\/revisions"}],"predecessor-version":[{"id":58701,"href":"http:\/\/internationalweddinginstitute.com\/formation\/wp-json\/wp\/v2\/pages\/28718\/revisions\/58701"}],"wp:attachment":[{"href":"http:\/\/internationalweddinginstitute.com\/formation\/wp-json\/wp\/v2\/media?parent=28718"}],"curies":[{"name":"wp","href":"https:\/\/api.w.org\/{rel}","templated":true}]}}